{"id":6,"date":"2014-09-11T17:46:49","date_gmt":"2014-09-11T17:46:49","guid":{"rendered":"http:\/\/cosmocars.gr\/fr\/?page_id=6"},"modified":"2015-05-26T13:57:53","modified_gmt":"2015-05-26T13:57:53","slug":"easyrent","status":"publish","type":"page","link":"https:\/\/cosmocars.gr\/fr\/easyrent\/","title":{"rendered":"Easyrent"},"content":{"rendered":"<h1>easyrent<\/h1>\n<p><strong class=\"lezanta\">Venez \u00e0 easyrent pour decouvrir la Cr\u00e8te charmante.<\/strong><br \/>\n<div class=\"row \"><div class=\"col-lg-4 col-md-12 col-xs-12 col-sm-12\"><\/p>\n<h3><span style=\"color: #339966;\"><strong><span style=\"font-size: 16px;\">Location Voiture Cr\u00e8te, Heraklion Aeroport et\u00a0Chania<\/span><\/strong><strong style=\"font-size: 16px; line-height: 1.5;\">!<\/strong><\/span><\/h3>\n<p><strong>Voyagez en toute s\u00e9curit\u00e9 et profitez<\/strong> d&#8217;une communication immediate et des services excellentes que le personnel de easyrent vous offre.<\/p>\n<p><strong>Vous choissez votre station o\u00f9 vous pouvez<\/strong> \u00eatre servi jusqu&#8217;au port ou votre h\u00f4tel.O\u00f9 que vous \u00eates trouv\u00e9s,contact\u00e9z avec nous et nous viendrons.<\/p>\n<p><strong>Choissez le mod\u00e8 le qui sert vos besoins<\/strong> et voyagez en s\u00e9curit\u00e9 en toute la Cr\u00e8te.<\/p>\n<p><\/div>\n<div class=\"col-lg-8 col-md-12 col-xs-12 col-sm-12\">\n        <div id=\"cptbc_877\" class=\"carousel slide\"  data-interval=\"5000\">\n\n            \n            <div class=\"carousel-inner\">\n            \n                <div class=\"item active\" id=\"cptbc-item-51\" >\n                    <img loading=\"lazy\" decoding=\"async\" width=\"730\" height=\"410\" src=\"https:\/\/cosmocars.gr\/fr\/wp-content\/uploads\/2014\/09\/rent-a-car-rethymno2021.jpg\" class=\"attachment-full size-full wp-post-image\" alt=\"\" srcset=\"https:\/\/cosmocars.gr\/fr\/wp-content\/uploads\/2014\/09\/rent-a-car-rethymno2021.jpg 730w, https:\/\/cosmocars.gr\/fr\/wp-content\/uploads\/2014\/09\/rent-a-car-rethymno2021-150x84.jpg 150w, https:\/\/cosmocars.gr\/fr\/wp-content\/uploads\/2014\/09\/rent-a-car-rethymno2021-300x168.jpg 300w, https:\/\/cosmocars.gr\/fr\/wp-content\/uploads\/2014\/09\/rent-a-car-rethymno2021-100x55.jpg 100w\" sizes=\"(max-width: 730px) 100vw, 730px\" \/>                <\/div>\n            \n                <div class=\"item \" id=\"cptbc-item-53\" >\n                    <img loading=\"lazy\" decoding=\"async\" width=\"730\" height=\"410\" src=\"https:\/\/cosmocars.gr\/fr\/wp-content\/uploads\/2014\/09\/profile-grafeia2021.jpg\" class=\"attachment-full size-full wp-post-image\" alt=\"\" srcset=\"https:\/\/cosmocars.gr\/fr\/wp-content\/uploads\/2014\/09\/profile-grafeia2021.jpg 730w, https:\/\/cosmocars.gr\/fr\/wp-content\/uploads\/2014\/09\/profile-grafeia2021-150x84.jpg 150w, https:\/\/cosmocars.gr\/fr\/wp-content\/uploads\/2014\/09\/profile-grafeia2021-300x168.jpg 300w, https:\/\/cosmocars.gr\/fr\/wp-content\/uploads\/2014\/09\/profile-grafeia2021-100x55.jpg 100w\" sizes=\"(max-width: 730px) 100vw, 730px\" \/>                <\/div>\n            \n                <div class=\"item \" id=\"cptbc-item-69\" >\n                    <img loading=\"lazy\" decoding=\"async\" width=\"730\" height=\"410\" src=\"https:\/\/cosmocars.gr\/fr\/wp-content\/uploads\/2014\/09\/rent-a-car-rethymno4.jpg\" class=\"attachment-full size-full wp-post-image\" alt=\"\" srcset=\"https:\/\/cosmocars.gr\/fr\/wp-content\/uploads\/2014\/09\/rent-a-car-rethymno4.jpg 730w, https:\/\/cosmocars.gr\/fr\/wp-content\/uploads\/2014\/09\/rent-a-car-rethymno4-300x168.jpg 300w, https:\/\/cosmocars.gr\/fr\/wp-content\/uploads\/2014\/09\/rent-a-car-rethymno4-100x55.jpg 100w\" sizes=\"(max-width: 730px) 100vw, 730px\" \/>                <\/div>\n            \n                <div class=\"item \" id=\"cptbc-item-105\" >\n                    <img loading=\"lazy\" decoding=\"async\" width=\"730\" height=\"410\" src=\"https:\/\/cosmocars.gr\/fr\/wp-content\/uploads\/2014\/09\/rent-a-car-rethymno7.jpg\" class=\"attachment-full size-full wp-post-image\" alt=\"\" srcset=\"https:\/\/cosmocars.gr\/fr\/wp-content\/uploads\/2014\/09\/rent-a-car-rethymno7.jpg 730w, https:\/\/cosmocars.gr\/fr\/wp-content\/uploads\/2014\/09\/rent-a-car-rethymno7-300x168.jpg 300w, https:\/\/cosmocars.gr\/fr\/wp-content\/uploads\/2014\/09\/rent-a-car-rethymno7-100x55.jpg 100w\" sizes=\"(max-width: 730px) 100vw, 730px\" \/>                <\/div>\n            \n                <div class=\"item \" id=\"cptbc-item-107\" >\n                    <img loading=\"lazy\" decoding=\"async\" width=\"730\" height=\"410\" src=\"https:\/\/cosmocars.gr\/fr\/wp-content\/uploads\/2014\/09\/rent-a-car-rethymno8.jpg\" class=\"attachment-full size-full wp-post-image\" alt=\"\" srcset=\"https:\/\/cosmocars.gr\/fr\/wp-content\/uploads\/2014\/09\/rent-a-car-rethymno8.jpg 730w, https:\/\/cosmocars.gr\/fr\/wp-content\/uploads\/2014\/09\/rent-a-car-rethymno8-300x168.jpg 300w, https:\/\/cosmocars.gr\/fr\/wp-content\/uploads\/2014\/09\/rent-a-car-rethymno8-100x55.jpg 100w\" sizes=\"(max-width: 730px) 100vw, 730px\" \/>                <\/div>\n            \n                <div class=\"item \" id=\"cptbc-item-109\" >\n                    <img loading=\"lazy\" decoding=\"async\" width=\"730\" height=\"410\" src=\"https:\/\/cosmocars.gr\/fr\/wp-content\/uploads\/2014\/09\/rent-a-car-rethymno9.jpg\" class=\"attachment-full size-full wp-post-image\" alt=\"\" srcset=\"https:\/\/cosmocars.gr\/fr\/wp-content\/uploads\/2014\/09\/rent-a-car-rethymno9.jpg 730w, https:\/\/cosmocars.gr\/fr\/wp-content\/uploads\/2014\/09\/rent-a-car-rethymno9-300x168.jpg 300w, https:\/\/cosmocars.gr\/fr\/wp-content\/uploads\/2014\/09\/rent-a-car-rethymno9-100x55.jpg 100w\" sizes=\"(max-width: 730px) 100vw, 730px\" \/>                <\/div>\n            \n                <div class=\"item \" id=\"cptbc-item-111\" >\n                    <img loading=\"lazy\" decoding=\"async\" width=\"730\" height=\"410\" src=\"https:\/\/cosmocars.gr\/fr\/wp-content\/uploads\/2014\/09\/rent-a-car-rethymno2021b.jpg\" class=\"attachment-full size-full wp-post-image\" alt=\"\" srcset=\"https:\/\/cosmocars.gr\/fr\/wp-content\/uploads\/2014\/09\/rent-a-car-rethymno2021b.jpg 730w, https:\/\/cosmocars.gr\/fr\/wp-content\/uploads\/2014\/09\/rent-a-car-rethymno2021b-150x84.jpg 150w, https:\/\/cosmocars.gr\/fr\/wp-content\/uploads\/2014\/09\/rent-a-car-rethymno2021b-300x168.jpg 300w, https:\/\/cosmocars.gr\/fr\/wp-content\/uploads\/2014\/09\/rent-a-car-rethymno2021b-100x55.jpg 100w\" sizes=\"(max-width: 730px) 100vw, 730px\" \/>                <\/div>\n                        <\/div>\n\n                                <a class=\"left carousel-control\" href=\"#cptbc_877\" data-slide=\"prev\"><span class=\"glyphicon glyphicon-chevron-left\"><\/span><\/a>\n                    <a class=\"right carousel-control\" href=\"#cptbc_877\" data-slide=\"next\"><span class=\"glyphicon glyphicon-chevron-right\"><\/span><\/a>\n                \n        <\/div>\n\n                <script type=\"text\/javascript\">\n            jQuery(document).ready(function() {\n                jQuery('#cptbc_877').carousel({\n                    interval: 5000                });\n            });\n        <\/script>\n        \n<\/div>\n<div class=\"row \"><\/div>\n<div class=\"col-lg-3 col-md-12 col-xs-12 col-sm-12\">\n<div id=\"osc_servicebox_0\" class=\"osc_servicebox \"><span class=\"glyphicon glyphicon-leaf icon_bg iconcircle\"><\/span><div class=\"osc_servicebox_content\">Toutes les voitures de easyrent sont nouvelles et offrent tous les comforts modernes.Celles-ci familiaux \u00e0 l&#8217;environnement,elles ont une consommation de carburant faible afin qu&#8217;elles soients \u00e9conomiques \u00e0 leur usage.<\/div><\/div>\n<\/div>\n<div class=\"col-lg-3 col-md-12 col-xs-12 col-sm-12\">\n<div id=\"osc_servicebox_1\" class=\"osc_servicebox \"><span class=\"glyphicon glyphicon glyphicon-ok icon_bg iconcircle\"><\/span><div class=\"osc_servicebox_content\">Toutes les voitures de easyrent sont maintenues en excellente condition.<br \/>\nL&#8217;easyrent soigne de la conservation excellente des vehicules tant en termes de fonctionnement que de propret\u00e9.<\/div><\/div>\n<\/div>\n<div class=\"col-lg-3 col-md-12 col-xs-12 col-sm-12\">\n<div id=\"osc_servicebox_2\" class=\"osc_servicebox \"><span class=\"glyphicon glyphicon-cog icon_bg iconcircle\"><\/span><div class=\"osc_servicebox_content\">L&#8217;easyrent est specialis\u00e9e et s&#8217;occupe exclusivement de l&#8217;object de la <strong>location de voiture en Cr\u00e8te.<\/strong><br \/>\nLe personnel de la compagnie parfaitement instruit dispose d&#8217;une longue exp\u00e9rience.<\/div><\/div>\n<\/div>\n<div class=\"col-lg-3 col-md-12 col-xs-12 col-sm-12\">\n<div id=\"osc_servicebox_3\" class=\"osc_servicebox \"><span class=\"glyphicon glyphicon glyphicon-thumbs-up icon_bg iconcircle\"><\/span><div class=\"osc_servicebox_content\">Sa pr\u00e9occupation principale<br \/>\nc&#8217;est de se servir ses<br \/>\nclients le meilleur possible.<br \/>\n<strong>Easyrent:<br \/>\nclients toujours satisfaits<\/strong><\/div><\/div>\n<\/div>\n<\/div><\/p>\n<p>&nbsp;<\/p>\n<h2 style=\"text-align: center;\"><span style=\"font-size: 24px;\">Location Voiture Cr\u00e8te, Chania, Rethymnon &amp; Heraklion Aeroport<\/span><\/h2>\n","protected":false},"excerpt":{"rendered":"<p>easyrent Venez \u00e0 easyrent pour decouvrir la Cr\u00e8te charmante. &nbsp; Location Voiture Cr\u00e8te, Chania, Rethymnon &amp; Heraklion Aeroport<\/p>\n","protected":false},"author":1,"featured_media":401,"parent":0,"menu_order":0,"comment_status":"closed","ping_status":"closed","template":"","meta":{"footnotes":""},"yoast_head":"<!-- This site is optimized with the Yoast SEO plugin v21.6 - https:\/\/yoast.com\/wordpress\/plugins\/seo\/ -->\n<title>Location Voiture Cr\u00e8te, Chania, Heraklion Aeroport | Easyrent<\/title>\n<meta name=\"description\" content=\"Location voiture Cr\u00e8te Chania, H\u00e9raklion et Rethymnon par Easyrent! Location de voitures sur les h\u00f4tels, les ports, les transferts de l&#039;a\u00e9roport en Cr\u00e8te!\" \/>\n<meta name=\"robots\" content=\"index, follow, max-snippet:-1, max-image-preview:large, max-video-preview:-1\" \/>\n<link rel=\"canonical\" href=\"https:\/\/cosmocars.gr\/fr\/easyrent\/\" \/>\n<meta property=\"og:locale\" content=\"en_US\" \/>\n<meta property=\"og:type\" content=\"article\" \/>\n<meta property=\"og:title\" content=\"Location Voiture Cr\u00e8te, Chania, Heraklion Aeroport | Easyrent\" \/>\n<meta property=\"og:description\" content=\"Location voiture Cr\u00e8te Chania, H\u00e9raklion et Rethymnon par Easyrent! Location de voitures sur les h\u00f4tels, les ports, les transferts de l&#039;a\u00e9roport en Cr\u00e8te!\" \/>\n<meta property=\"og:url\" content=\"https:\/\/cosmocars.gr\/fr\/easyrent\/\" \/>\n<meta property=\"og:site_name\" content=\"cosmocars.gr\" \/>\n<meta property=\"article:modified_time\" content=\"2015-05-26T13:57:53+00:00\" \/>\n<meta property=\"og:image\" content=\"https:\/\/cosmocars.gr\/fr\/wp-content\/uploads\/2014\/09\/top-easyrent.jpg\" \/>\n\t<meta property=\"og:image:width\" content=\"1000\" \/>\n\t<meta property=\"og:image:height\" content=\"334\" \/>\n\t<meta property=\"og:image:type\" content=\"image\/jpeg\" \/>\n<meta name=\"twitter:card\" content=\"summary_large_image\" \/>\n<meta name=\"twitter:label1\" content=\"Est. reading time\" \/>\n\t<meta name=\"twitter:data1\" content=\"2 minutes\" \/>\n<script type=\"application\/ld+json\" class=\"yoast-schema-graph\">{\"@context\":\"https:\/\/schema.org\",\"@graph\":[{\"@type\":\"WebPage\",\"@id\":\"https:\/\/cosmocars.gr\/fr\/easyrent\/\",\"url\":\"https:\/\/cosmocars.gr\/fr\/easyrent\/\",\"name\":\"Location Voiture Cr\u00e8te, Chania, Heraklion Aeroport | Easyrent\",\"isPartOf\":{\"@id\":\"https:\/\/cosmocars.gr\/fr\/#website\"},\"datePublished\":\"2014-09-11T17:46:49+00:00\",\"dateModified\":\"2015-05-26T13:57:53+00:00\",\"description\":\"Location voiture Cr\u00e8te Chania, H\u00e9raklion et Rethymnon par Easyrent! Location de voitures sur les h\u00f4tels, les ports, les transferts de l'a\u00e9roport en Cr\u00e8te!\",\"breadcrumb\":{\"@id\":\"https:\/\/cosmocars.gr\/fr\/easyrent\/#breadcrumb\"},\"inLanguage\":\"en-US\",\"potentialAction\":[{\"@type\":\"ReadAction\",\"target\":[\"https:\/\/cosmocars.gr\/fr\/easyrent\/\"]}]},{\"@type\":\"BreadcrumbList\",\"@id\":\"https:\/\/cosmocars.gr\/fr\/easyrent\/#breadcrumb\",\"itemListElement\":[{\"@type\":\"ListItem\",\"position\":1,\"name\":\"Home\",\"item\":\"https:\/\/cosmocars.gr\/fr\/\"},{\"@type\":\"ListItem\",\"position\":2,\"name\":\"Easyrent\"}]},{\"@type\":\"WebSite\",\"@id\":\"https:\/\/cosmocars.gr\/fr\/#website\",\"url\":\"https:\/\/cosmocars.gr\/fr\/\",\"name\":\"cosmocars.gr\",\"description\":\"easyrent - car rental in crete\",\"potentialAction\":[{\"@type\":\"SearchAction\",\"target\":{\"@type\":\"EntryPoint\",\"urlTemplate\":\"https:\/\/cosmocars.gr\/fr\/?s={search_term_string}\"},\"query-input\":\"required name=search_term_string\"}],\"inLanguage\":\"en-US\"}]}<\/script>\n<!-- \/ Yoast SEO plugin. -->","yoast_head_json":{"title":"Location Voiture Cr\u00e8te, Chania, Heraklion Aeroport | Easyrent","description":"Location voiture Cr\u00e8te Chania, H\u00e9raklion et Rethymnon par Easyrent! Location de voitures sur les h\u00f4tels, les ports, les transferts de l'a\u00e9roport en Cr\u00e8te!","robots":{"index":"index","follow":"follow","max-snippet":"max-snippet:-1","max-image-preview":"max-image-preview:large","max-video-preview":"max-video-preview:-1"},"canonical":"https:\/\/cosmocars.gr\/fr\/easyrent\/","og_locale":"en_US","og_type":"article","og_title":"Location Voiture Cr\u00e8te, Chania, Heraklion Aeroport | Easyrent","og_description":"Location voiture Cr\u00e8te Chania, H\u00e9raklion et Rethymnon par Easyrent! Location de voitures sur les h\u00f4tels, les ports, les transferts de l'a\u00e9roport en Cr\u00e8te!","og_url":"https:\/\/cosmocars.gr\/fr\/easyrent\/","og_site_name":"cosmocars.gr","article_modified_time":"2015-05-26T13:57:53+00:00","og_image":[{"width":1000,"height":334,"url":"https:\/\/cosmocars.gr\/fr\/wp-content\/uploads\/2014\/09\/top-easyrent.jpg","type":"image\/jpeg"}],"twitter_card":"summary_large_image","twitter_misc":{"Est. reading time":"2 minutes"},"schema":{"@context":"https:\/\/schema.org","@graph":[{"@type":"WebPage","@id":"https:\/\/cosmocars.gr\/fr\/easyrent\/","url":"https:\/\/cosmocars.gr\/fr\/easyrent\/","name":"Location Voiture Cr\u00e8te, Chania, Heraklion Aeroport | Easyrent","isPartOf":{"@id":"https:\/\/cosmocars.gr\/fr\/#website"},"datePublished":"2014-09-11T17:46:49+00:00","dateModified":"2015-05-26T13:57:53+00:00","description":"Location voiture Cr\u00e8te Chania, H\u00e9raklion et Rethymnon par Easyrent! Location de voitures sur les h\u00f4tels, les ports, les transferts de l'a\u00e9roport en Cr\u00e8te!","breadcrumb":{"@id":"https:\/\/cosmocars.gr\/fr\/easyrent\/#breadcrumb"},"inLanguage":"en-US","potentialAction":[{"@type":"ReadAction","target":["https:\/\/cosmocars.gr\/fr\/easyrent\/"]}]},{"@type":"BreadcrumbList","@id":"https:\/\/cosmocars.gr\/fr\/easyrent\/#breadcrumb","itemListElement":[{"@type":"ListItem","position":1,"name":"Home","item":"https:\/\/cosmocars.gr\/fr\/"},{"@type":"ListItem","position":2,"name":"Easyrent"}]},{"@type":"WebSite","@id":"https:\/\/cosmocars.gr\/fr\/#website","url":"https:\/\/cosmocars.gr\/fr\/","name":"cosmocars.gr","description":"easyrent - car rental in crete","potentialAction":[{"@type":"SearchAction","target":{"@type":"EntryPoint","urlTemplate":"https:\/\/cosmocars.gr\/fr\/?s={search_term_string}"},"query-input":"required name=search_term_string"}],"inLanguage":"en-US"}]}},"_links":{"self":[{"href":"https:\/\/cosmocars.gr\/fr\/wp-json\/wp\/v2\/pages\/6"}],"collection":[{"href":"https:\/\/cosmocars.gr\/fr\/wp-json\/wp\/v2\/pages"}],"about":[{"href":"https:\/\/cosmocars.gr\/fr\/wp-json\/wp\/v2\/types\/page"}],"author":[{"embeddable":true,"href":"https:\/\/cosmocars.gr\/fr\/wp-json\/wp\/v2\/users\/1"}],"replies":[{"embeddable":true,"href":"https:\/\/cosmocars.gr\/fr\/wp-json\/wp\/v2\/comments?post=6"}],"version-history":[{"count":56,"href":"https:\/\/cosmocars.gr\/fr\/wp-json\/wp\/v2\/pages\/6\/revisions"}],"predecessor-version":[{"id":808,"href":"https:\/\/cosmocars.gr\/fr\/wp-json\/wp\/v2\/pages\/6\/revisions\/808"}],"wp:featuredmedia":[{"embeddable":true,"href":"https:\/\/cosmocars.gr\/fr\/wp-json\/wp\/v2\/media\/401"}],"wp:attachment":[{"href":"https:\/\/cosmocars.gr\/fr\/wp-json\/wp\/v2\/media?parent=6"}],"curies":[{"name":"wp","href":"https:\/\/api.w.org\/{rel}","templated":true}]}}