{"id":528,"date":"2014-12-24T09:47:05","date_gmt":"2014-12-24T09:47:05","guid":{"rendered":"http:\/\/cosmocars.gr\/fr\/?page_id=528"},"modified":"2022-12-28T11:20:44","modified_gmt":"2022-12-28T11:20:44","slug":"decouvrez-la-crete","status":"publish","type":"page","link":"https:\/\/cosmocars.gr\/fr\/decouvrez-la-crete\/","title":{"rendered":"D\u00e9couvrez la Cr\u00e8te"},"content":{"rendered":"<h1>D\u00e9couvrez la Cr\u00e8te<\/h1>\n<pre id=\"tw-target-text\" class=\"tw-data-text tw-text-large tw-ta\" dir=\"ltr\" data-placeholder=\"\u039c\u03b5\u03c4\u03ac\u03c6\u03c1\u03b1\u03c3\u03b7\"><\/pre>\n<div class=\"row \"><div class=\"col-lg-6 col-md-12 col-xs-12 col-sm-12\"><\/p>\n<p>&nbsp;<\/p>\n<pre class=\"tw-data-text tw-text-large tw-ta\" dir=\"ltr\" data-placeholder=\"\u039c\u03b5\u03c4\u03ac\u03c6\u03c1\u03b1\u03c3\u03b7\"><strong><span class=\"Y2IQFc\" lang=\"fr\">La Cr\u00e8te, la plus grande \u00eele de Gr\u00e8ce et la cinqui\u00e8me de la M\u00e9diterran\u00e9e, marque la pointe la plus m\u00e9ridionale de l'Europe. Le peuple cr\u00e9tois fier et hospitalier est c\u00e9l\u00e8bre pour sa culture, son esprit d'innovation, ses habitudes alimentaires. La Cr\u00e8te combine la montagne avec la mer, l'ancien avec le nouveau, l'histoire ancienne avec le moderne.<\/span><\/strong><\/pre>\n<pre id=\"tw-target-text\" class=\"tw-data-text tw-text-large tw-ta\" dir=\"ltr\" data-placeholder=\"\u039c\u03b5\u03c4\u03ac\u03c6\u03c1\u03b1\u03c3\u03b7\"><strong><span class=\"Y2IQFc\" lang=\"fr\">C'est un carrefour de cultures en raison de sa situation g\u00e9ographique strat\u00e9gique. C'est l'une des destinations touristiques grecques les plus populaires.\r\nNotre \u00eele et ses habitants hospitaliers vous souhaitent un bon s\u00e9jour dans le berceau de la culture europ\u00e9enne. Pour ceux d'entre vous qui viennent pour la premi\u00e8re fois, pour ceux d'entre vous qui nous rendent visite r\u00e9guli\u00e8rement afin de d\u00e9couvrir les innombrables beaut\u00e9s visibles et cach\u00e9es de la Cr\u00e8te dans les montagnes et les mers, dans les villes et \u00e0 la campagne,\r\nnous vous promettons un s\u00e9jour accueillant et inoubliable\u2026\r\nD\u00e9couvrez la beaut\u00e9 de notre lieu de l'aube au coucher du soleil et d\u00e9couvrez\r\n\r\nVOTRE Cr\u00e8te !<\/span><\/strong><\/pre>\n<p><span style=\"color: #ffffff;\"><strong>Crete, the biggest island of Greece and 5th biggest Med Island, lies in the southern frontier of Europe.\u00a0The proud and<\/strong> hospitable Cretan people are famous for its culture, innovative spirit and nutritional habits. Crete combines mountains and sea, the new alongside with the old and ancient with contemporary history. It\u2019s a cultural crossroad due to its strategic geographical position. The island is one of the most popular Greek tourism destinations. The cradle of European Civilization, the Island of Crete and its genuinely friendly people, welcome you and wish you a wonderful stay! Some will be visiting for the first time, whilst others have now become regulars, but either way, we promise you a truly memorable Mediterranean travelling experience. Whether your visit is for relaxation or to explore and discover the many well known and countless hidden treasures of Crete, you will not be disappointed by the diversity of the landscape, the rugged mountains, the endless beaches and the turquise seas, the many cities, town and villages, and stunning countryside.<\/span><br \/>\n<span style=\"color: #ffffff;\"> <strong>Live the essence and the heartbeat of the Island from dawn till dusk and discover <\/strong><\/span><br \/>\n<span style=\"color: #ffffff;\"> <strong>YOUR CRETE!<\/strong><\/span><\/p>\n<p><\/div>\n<div class=\"col-lg-6 col-md-12 col-xs-12 col-sm-12\">\n<iframe loading=\"lazy\" src=\"\/\/www.youtube.com\/embed\/W5GbJzlpIMs\" width=\"560\" height=\"315\" frameborder=\"0\" allowfullscreen=\"allowfullscreen\"><\/iframe><\/p>\n<p><iframe loading=\"lazy\" src=\"https:\/\/www.youtube.com\/embed\/eCsotmHCbZo\" width=\"560\" height=\"315\" frameborder=\"0\" allowfullscreen=\"allowfullscreen\"><\/iframe><\/div>\n<\/div>\n","protected":false},"excerpt":{"rendered":"<p>D\u00e9couvrez la Cr\u00e8te<\/p>\n","protected":false},"author":1,"featured_media":0,"parent":0,"menu_order":0,"comment_status":"closed","ping_status":"closed","template":"","meta":{"footnotes":""},"yoast_head":"<!-- This site is optimized with the Yoast SEO plugin v21.6 - https:\/\/yoast.com\/wordpress\/plugins\/seo\/ -->\n<title>D\u00e9couvrez la Cr\u00e8te - cosmocars.gr<\/title>\n<meta name=\"robots\" content=\"index, follow, max-snippet:-1, max-image-preview:large, max-video-preview:-1\" \/>\n<link rel=\"canonical\" href=\"https:\/\/cosmocars.gr\/fr\/decouvrez-la-crete\/\" \/>\n<meta property=\"og:locale\" content=\"en_US\" \/>\n<meta property=\"og:type\" content=\"article\" \/>\n<meta property=\"og:title\" content=\"D\u00e9couvrez la Cr\u00e8te - cosmocars.gr\" \/>\n<meta property=\"og:description\" content=\"D\u00e9couvrez la Cr\u00e8te\" \/>\n<meta property=\"og:url\" content=\"https:\/\/cosmocars.gr\/fr\/decouvrez-la-crete\/\" \/>\n<meta property=\"og:site_name\" content=\"cosmocars.gr\" \/>\n<meta property=\"article:modified_time\" content=\"2022-12-28T11:20:44+00:00\" \/>\n<meta name=\"twitter:card\" content=\"summary_large_image\" \/>\n<meta name=\"twitter:label1\" content=\"Est. reading time\" \/>\n\t<meta name=\"twitter:data1\" content=\"2 minutes\" \/>\n<script type=\"application\/ld+json\" class=\"yoast-schema-graph\">{\"@context\":\"https:\/\/schema.org\",\"@graph\":[{\"@type\":\"WebPage\",\"@id\":\"https:\/\/cosmocars.gr\/fr\/decouvrez-la-crete\/\",\"url\":\"https:\/\/cosmocars.gr\/fr\/decouvrez-la-crete\/\",\"name\":\"D\u00e9couvrez la Cr\u00e8te - cosmocars.gr\",\"isPartOf\":{\"@id\":\"https:\/\/cosmocars.gr\/fr\/#website\"},\"datePublished\":\"2014-12-24T09:47:05+00:00\",\"dateModified\":\"2022-12-28T11:20:44+00:00\",\"breadcrumb\":{\"@id\":\"https:\/\/cosmocars.gr\/fr\/decouvrez-la-crete\/#breadcrumb\"},\"inLanguage\":\"en-US\",\"potentialAction\":[{\"@type\":\"ReadAction\",\"target\":[\"https:\/\/cosmocars.gr\/fr\/decouvrez-la-crete\/\"]}]},{\"@type\":\"BreadcrumbList\",\"@id\":\"https:\/\/cosmocars.gr\/fr\/decouvrez-la-crete\/#breadcrumb\",\"itemListElement\":[{\"@type\":\"ListItem\",\"position\":1,\"name\":\"Home\",\"item\":\"https:\/\/cosmocars.gr\/fr\/\"},{\"@type\":\"ListItem\",\"position\":2,\"name\":\"D\u00e9couvrez la Cr\u00e8te\"}]},{\"@type\":\"WebSite\",\"@id\":\"https:\/\/cosmocars.gr\/fr\/#website\",\"url\":\"https:\/\/cosmocars.gr\/fr\/\",\"name\":\"cosmocars.gr\",\"description\":\"easyrent - car rental in crete\",\"potentialAction\":[{\"@type\":\"SearchAction\",\"target\":{\"@type\":\"EntryPoint\",\"urlTemplate\":\"https:\/\/cosmocars.gr\/fr\/?s={search_term_string}\"},\"query-input\":\"required name=search_term_string\"}],\"inLanguage\":\"en-US\"}]}<\/script>\n<!-- \/ Yoast SEO plugin. -->","yoast_head_json":{"title":"D\u00e9couvrez la Cr\u00e8te - cosmocars.gr","robots":{"index":"index","follow":"follow","max-snippet":"max-snippet:-1","max-image-preview":"max-image-preview:large","max-video-preview":"max-video-preview:-1"},"canonical":"https:\/\/cosmocars.gr\/fr\/decouvrez-la-crete\/","og_locale":"en_US","og_type":"article","og_title":"D\u00e9couvrez la Cr\u00e8te - cosmocars.gr","og_description":"D\u00e9couvrez la Cr\u00e8te","og_url":"https:\/\/cosmocars.gr\/fr\/decouvrez-la-crete\/","og_site_name":"cosmocars.gr","article_modified_time":"2022-12-28T11:20:44+00:00","twitter_card":"summary_large_image","twitter_misc":{"Est. reading time":"2 minutes"},"schema":{"@context":"https:\/\/schema.org","@graph":[{"@type":"WebPage","@id":"https:\/\/cosmocars.gr\/fr\/decouvrez-la-crete\/","url":"https:\/\/cosmocars.gr\/fr\/decouvrez-la-crete\/","name":"D\u00e9couvrez la Cr\u00e8te - cosmocars.gr","isPartOf":{"@id":"https:\/\/cosmocars.gr\/fr\/#website"},"datePublished":"2014-12-24T09:47:05+00:00","dateModified":"2022-12-28T11:20:44+00:00","breadcrumb":{"@id":"https:\/\/cosmocars.gr\/fr\/decouvrez-la-crete\/#breadcrumb"},"inLanguage":"en-US","potentialAction":[{"@type":"ReadAction","target":["https:\/\/cosmocars.gr\/fr\/decouvrez-la-crete\/"]}]},{"@type":"BreadcrumbList","@id":"https:\/\/cosmocars.gr\/fr\/decouvrez-la-crete\/#breadcrumb","itemListElement":[{"@type":"ListItem","position":1,"name":"Home","item":"https:\/\/cosmocars.gr\/fr\/"},{"@type":"ListItem","position":2,"name":"D\u00e9couvrez la Cr\u00e8te"}]},{"@type":"WebSite","@id":"https:\/\/cosmocars.gr\/fr\/#website","url":"https:\/\/cosmocars.gr\/fr\/","name":"cosmocars.gr","description":"easyrent - car rental in crete","potentialAction":[{"@type":"SearchAction","target":{"@type":"EntryPoint","urlTemplate":"https:\/\/cosmocars.gr\/fr\/?s={search_term_string}"},"query-input":"required name=search_term_string"}],"inLanguage":"en-US"}]}},"_links":{"self":[{"href":"https:\/\/cosmocars.gr\/fr\/wp-json\/wp\/v2\/pages\/528"}],"collection":[{"href":"https:\/\/cosmocars.gr\/fr\/wp-json\/wp\/v2\/pages"}],"about":[{"href":"https:\/\/cosmocars.gr\/fr\/wp-json\/wp\/v2\/types\/page"}],"author":[{"embeddable":true,"href":"https:\/\/cosmocars.gr\/fr\/wp-json\/wp\/v2\/users\/1"}],"replies":[{"embeddable":true,"href":"https:\/\/cosmocars.gr\/fr\/wp-json\/wp\/v2\/comments?post=528"}],"version-history":[{"count":17,"href":"https:\/\/cosmocars.gr\/fr\/wp-json\/wp\/v2\/pages\/528\/revisions"}],"predecessor-version":[{"id":1595,"href":"https:\/\/cosmocars.gr\/fr\/wp-json\/wp\/v2\/pages\/528\/revisions\/1595"}],"wp:attachment":[{"href":"https:\/\/cosmocars.gr\/fr\/wp-json\/wp\/v2\/media?parent=528"}],"curies":[{"name":"wp","href":"https:\/\/api.w.org\/{rel}","templated":true}]}}