{"id":523,"date":"2014-12-24T09:42:14","date_gmt":"2014-12-24T09:42:14","guid":{"rendered":"http:\/\/cosmocars.gr\/fr\/?page_id=523"},"modified":"2015-02-14T14:22:11","modified_gmt":"2015-02-14T14:22:11","slug":"les-raisons","status":"publish","type":"page","link":"https:\/\/cosmocars.gr\/fr\/les-raisons\/","title":{"rendered":"Les raisons"},"content":{"rendered":"<h1>Les raisons<\/h1>\n<p><strong class=\"lezanta\">Les raisons pour pr\u00e9f\u00e9rer easyrent pour vos vacances.<\/strong><\/p>\n<ul>\n<li>c&#8217;est une enteprise qui est specialis\u00e9e \u00e0 la location des voitures<\/li>\n<li>longue exp\u00e9rience et occupation sur l&#8217;objet<\/li>\n<li>personnel instruit et amical vers notre client<\/li>\n<li>nouvelles voitures,toujours propres et correct\u00e9ment conserv\u00e9s<\/li>\n<li>voitures amicaux \u00e0 l&#8217;environnement<\/li>\n<li>on choisit nos voitures \u00e0 conditionqu&#8217;elles aient de s\u00e9curit\u00e9 de haut-niveau<\/li>\n<li>elles doivent \u00eatre \u00e9conimiques aussi en consommation,de cette fa\u00e7on l\u00e0 vous gagnez de l&#8217;argent aussi<\/li>\n<li>nos voitures sont securis\u00e9s de haut niveau<\/li>\n<li>l&#8217;aide routi\u00e9re 24h sur 24h en toute la Cr\u00e8te.<\/li>\n<li>prix de locations comp\u00e9titifs prix pour argent(value for money)<\/li>\n<li>\u00e1 l&#8217;easyrent il n&#8217;y a pas des\u201dco\u00fbts caches\u201d.<\/li>\n<li>notre personnel vous orientera de passer des bonnes vacances securis\u00e9es<\/li>\n<li>notre sollicitude est d&#8217;\u00eatre contents afin que vous reveniez et que vous nous proposiez o\u00f9 vos amis ou des personnes que vous connaissez<\/li>\n<\/ul>\n","protected":false},"excerpt":{"rendered":"<p>Les raisons Les raisons pour pr\u00e9f\u00e9rer easyrent pour vos vacances. c&#8217;est une enteprise qui est specialis\u00e9e \u00e0 la location des voitures longue exp\u00e9rience et occupation sur l&#8217;objet personnel instruit et amical vers notre client nouvelles voitures,toujours propres et correct\u00e9ment conserv\u00e9s voitures amicaux \u00e0 l&#8217;environnement on choisit nos voitures \u00e0 conditionqu&#8217;elles aient de s\u00e9curit\u00e9 de haut-niveau [&hellip;]<\/p>\n","protected":false},"author":1,"featured_media":0,"parent":0,"menu_order":0,"comment_status":"closed","ping_status":"closed","template":"","meta":{"footnotes":""},"yoast_head":"<!-- This site is optimized with the Yoast SEO plugin v21.6 - https:\/\/yoast.com\/wordpress\/plugins\/seo\/ -->\n<title>Les raisons - cosmocars.gr<\/title>\n<meta name=\"robots\" content=\"index, follow, max-snippet:-1, max-image-preview:large, max-video-preview:-1\" \/>\n<link rel=\"canonical\" href=\"https:\/\/cosmocars.gr\/fr\/les-raisons\/\" \/>\n<meta property=\"og:locale\" content=\"en_US\" \/>\n<meta property=\"og:type\" content=\"article\" \/>\n<meta property=\"og:title\" content=\"Les raisons - cosmocars.gr\" \/>\n<meta property=\"og:description\" content=\"Les raisons Les raisons pour pr\u00e9f\u00e9rer easyrent pour vos vacances. c&#8217;est une enteprise qui est specialis\u00e9e \u00e0 la location des voitures longue exp\u00e9rience et occupation sur l&#8217;objet personnel instruit et amical vers notre client nouvelles voitures,toujours propres et correct\u00e9ment conserv\u00e9s voitures amicaux \u00e0 l&#8217;environnement on choisit nos voitures \u00e0 conditionqu&#8217;elles aient de s\u00e9curit\u00e9 de haut-niveau [&hellip;]\" \/>\n<meta property=\"og:url\" content=\"https:\/\/cosmocars.gr\/fr\/les-raisons\/\" \/>\n<meta property=\"og:site_name\" content=\"cosmocars.gr\" \/>\n<meta property=\"article:modified_time\" content=\"2015-02-14T14:22:11+00:00\" \/>\n<meta name=\"twitter:card\" content=\"summary_large_image\" \/>\n<meta name=\"twitter:label1\" content=\"Est. reading time\" \/>\n\t<meta name=\"twitter:data1\" content=\"1 minute\" \/>\n<script type=\"application\/ld+json\" class=\"yoast-schema-graph\">{\"@context\":\"https:\/\/schema.org\",\"@graph\":[{\"@type\":\"WebPage\",\"@id\":\"https:\/\/cosmocars.gr\/fr\/les-raisons\/\",\"url\":\"https:\/\/cosmocars.gr\/fr\/les-raisons\/\",\"name\":\"Les raisons - cosmocars.gr\",\"isPartOf\":{\"@id\":\"https:\/\/cosmocars.gr\/fr\/#website\"},\"datePublished\":\"2014-12-24T09:42:14+00:00\",\"dateModified\":\"2015-02-14T14:22:11+00:00\",\"breadcrumb\":{\"@id\":\"https:\/\/cosmocars.gr\/fr\/les-raisons\/#breadcrumb\"},\"inLanguage\":\"en-US\",\"potentialAction\":[{\"@type\":\"ReadAction\",\"target\":[\"https:\/\/cosmocars.gr\/fr\/les-raisons\/\"]}]},{\"@type\":\"BreadcrumbList\",\"@id\":\"https:\/\/cosmocars.gr\/fr\/les-raisons\/#breadcrumb\",\"itemListElement\":[{\"@type\":\"ListItem\",\"position\":1,\"name\":\"Home\",\"item\":\"https:\/\/cosmocars.gr\/fr\/\"},{\"@type\":\"ListItem\",\"position\":2,\"name\":\"Les raisons\"}]},{\"@type\":\"WebSite\",\"@id\":\"https:\/\/cosmocars.gr\/fr\/#website\",\"url\":\"https:\/\/cosmocars.gr\/fr\/\",\"name\":\"cosmocars.gr\",\"description\":\"easyrent - car rental in crete\",\"potentialAction\":[{\"@type\":\"SearchAction\",\"target\":{\"@type\":\"EntryPoint\",\"urlTemplate\":\"https:\/\/cosmocars.gr\/fr\/?s={search_term_string}\"},\"query-input\":\"required name=search_term_string\"}],\"inLanguage\":\"en-US\"}]}<\/script>\n<!-- \/ Yoast SEO plugin. -->","yoast_head_json":{"title":"Les raisons - cosmocars.gr","robots":{"index":"index","follow":"follow","max-snippet":"max-snippet:-1","max-image-preview":"max-image-preview:large","max-video-preview":"max-video-preview:-1"},"canonical":"https:\/\/cosmocars.gr\/fr\/les-raisons\/","og_locale":"en_US","og_type":"article","og_title":"Les raisons - cosmocars.gr","og_description":"Les raisons Les raisons pour pr\u00e9f\u00e9rer easyrent pour vos vacances. c&#8217;est une enteprise qui est specialis\u00e9e \u00e0 la location des voitures longue exp\u00e9rience et occupation sur l&#8217;objet personnel instruit et amical vers notre client nouvelles voitures,toujours propres et correct\u00e9ment conserv\u00e9s voitures amicaux \u00e0 l&#8217;environnement on choisit nos voitures \u00e0 conditionqu&#8217;elles aient de s\u00e9curit\u00e9 de haut-niveau [&hellip;]","og_url":"https:\/\/cosmocars.gr\/fr\/les-raisons\/","og_site_name":"cosmocars.gr","article_modified_time":"2015-02-14T14:22:11+00:00","twitter_card":"summary_large_image","twitter_misc":{"Est. reading time":"1 minute"},"schema":{"@context":"https:\/\/schema.org","@graph":[{"@type":"WebPage","@id":"https:\/\/cosmocars.gr\/fr\/les-raisons\/","url":"https:\/\/cosmocars.gr\/fr\/les-raisons\/","name":"Les raisons - cosmocars.gr","isPartOf":{"@id":"https:\/\/cosmocars.gr\/fr\/#website"},"datePublished":"2014-12-24T09:42:14+00:00","dateModified":"2015-02-14T14:22:11+00:00","breadcrumb":{"@id":"https:\/\/cosmocars.gr\/fr\/les-raisons\/#breadcrumb"},"inLanguage":"en-US","potentialAction":[{"@type":"ReadAction","target":["https:\/\/cosmocars.gr\/fr\/les-raisons\/"]}]},{"@type":"BreadcrumbList","@id":"https:\/\/cosmocars.gr\/fr\/les-raisons\/#breadcrumb","itemListElement":[{"@type":"ListItem","position":1,"name":"Home","item":"https:\/\/cosmocars.gr\/fr\/"},{"@type":"ListItem","position":2,"name":"Les raisons"}]},{"@type":"WebSite","@id":"https:\/\/cosmocars.gr\/fr\/#website","url":"https:\/\/cosmocars.gr\/fr\/","name":"cosmocars.gr","description":"easyrent - car rental in crete","potentialAction":[{"@type":"SearchAction","target":{"@type":"EntryPoint","urlTemplate":"https:\/\/cosmocars.gr\/fr\/?s={search_term_string}"},"query-input":"required name=search_term_string"}],"inLanguage":"en-US"}]}},"_links":{"self":[{"href":"https:\/\/cosmocars.gr\/fr\/wp-json\/wp\/v2\/pages\/523"}],"collection":[{"href":"https:\/\/cosmocars.gr\/fr\/wp-json\/wp\/v2\/pages"}],"about":[{"href":"https:\/\/cosmocars.gr\/fr\/wp-json\/wp\/v2\/types\/page"}],"author":[{"embeddable":true,"href":"https:\/\/cosmocars.gr\/fr\/wp-json\/wp\/v2\/users\/1"}],"replies":[{"embeddable":true,"href":"https:\/\/cosmocars.gr\/fr\/wp-json\/wp\/v2\/comments?post=523"}],"version-history":[{"count":8,"href":"https:\/\/cosmocars.gr\/fr\/wp-json\/wp\/v2\/pages\/523\/revisions"}],"predecessor-version":[{"id":797,"href":"https:\/\/cosmocars.gr\/fr\/wp-json\/wp\/v2\/pages\/523\/revisions\/797"}],"wp:attachment":[{"href":"https:\/\/cosmocars.gr\/fr\/wp-json\/wp\/v2\/media?parent=523"}],"curies":[{"name":"wp","href":"https:\/\/api.w.org\/{rel}","templated":true}]}}