{"id":509,"date":"2014-12-23T17:31:22","date_gmt":"2014-12-23T17:31:22","guid":{"rendered":"http:\/\/cosmocars.gr\/fr\/?page_id=509"},"modified":"2015-05-26T14:04:14","modified_gmt":"2015-05-26T14:04:14","slug":"economie-ecologie","status":"publish","type":"page","link":"https:\/\/cosmocars.gr\/fr\/economie-ecologie\/","title":{"rendered":"Economie &#8211; Ecologie"},"content":{"rendered":"<p><strong>Location de Voiture Heraklion Aeroport, Chania\u00a0\u00a0&amp; Rethymno!<\/strong><\/p>\n<h1>Economie &#8211; Ecologie<\/h1>\n<p>L&#8217;\u00e9cologie est un croissant et une partie int\u00e9grante effectuer toutes les facettes de nos vies quotidiennes. Les voitures qui polluent moins sont de plus en plus populaire, en raison du fait qu&#8217;ils ont un taux de carburant inf\u00e9rieure, b\u00e9n\u00e9ficiant \u00e9norm\u00e9ment l&#8217;environnement et de notre poche. Au Easyrent nous choisissons nos voitures pour r\u00e9pondre aux normes et exigences appropri\u00e9es, tout en compling avec les besoins du consommateur moderne. Plus important encore, nous insistons fortement l&#8217;entretien des voitures, leur donnant l&#8217;\u00e9conomie de carburant et un fonctionnement optimal. Un autre facteur qui contribue \u00e0 l&#8217;\u00e9conomie de carburant est le pilote \u00e9duqu\u00e9s, et non pas celui h\u00e2tive. Respecter la voiture, et ne pas faire des acc\u00e9l\u00e9rations inutiles, et d&#8217;autres mouvements entra\u00eener une inerease de la consommation de carburant et nos poches.<\/p>\n<p>Par cons\u00e9quent au Easyrent managment intelligente, la conduite avec soin, sera b\u00e9n\u00e9fique pour votre portefeuille, l&#8217;environnement, mais surtout vous aurez un voyage agr\u00e9able, s\u00e9curitaire et enjoable.<\/p>\n<p style=\"text-align: center;\"><a href=\"http:\/\/cosmocars.gr\/en\/wp-content\/uploads\/2014\/12\/logo-easyrent-a-car-rethymno52.png\"><img loading=\"lazy\" decoding=\"async\" class=\"aligncenter wp-image-233\" src=\"http:\/\/cosmocars.gr\/en\/wp-content\/uploads\/2014\/12\/logo-easyrent-a-car-rethymno52.png\" alt=\"Location de Voiture Heraklion Aeroport location voiture en cr\u00e8te\" width=\"260\" height=\"92\" srcset=\"https:\/\/cosmocars.gr\/fr\/wp-content\/uploads\/2014\/12\/logo-easyrent-a-car-rethymno52.png 302w, https:\/\/cosmocars.gr\/fr\/wp-content\/uploads\/2014\/12\/logo-easyrent-a-car-rethymno52-300x106.png 300w\" sizes=\"(max-width: 260px) 100vw, 260px\" \/><\/a><\/p>\n<h2 style=\"text-align: center;\"><span style=\"font-size: 18px;\">Location de Voiture Heraklion Aeroport Cr\u00e8te<\/span><\/h2>\n","protected":false},"excerpt":{"rendered":"<p>Location de Voiture Heraklion Aeroport, Chania\u00a0\u00a0&amp; Rethymno! Economie &#8211; Ecologie L&#8217;\u00e9cologie est un croissant et une partie int\u00e9grante effectuer toutes les facettes de nos vies quotidiennes. Les voitures qui polluent moins sont de plus en plus populaire, en raison du fait qu&#8217;ils ont un taux de carburant inf\u00e9rieure, b\u00e9n\u00e9ficiant \u00e9norm\u00e9ment l&#8217;environnement et de notre poche. [&hellip;]<\/p>\n","protected":false},"author":1,"featured_media":0,"parent":0,"menu_order":0,"comment_status":"closed","ping_status":"closed","template":"","meta":{"footnotes":""},"yoast_head":"<!-- This site is optimized with the Yoast SEO plugin v21.6 - https:\/\/yoast.com\/wordpress\/plugins\/seo\/ -->\n<title>Location de Voiture Heraklion Aeroport Cr\u00e8te | Easyrent<\/title>\n<meta name=\"description\" content=\"Location de voiture Heraklion Aeroport, Chania et R\u00e9thymnon, Cr\u00e8te. Transferts \u00e0 bas prix en provenance des a\u00e9roports aux h\u00f4tels et aux ports!\" \/>\n<meta name=\"robots\" content=\"index, follow, max-snippet:-1, max-image-preview:large, max-video-preview:-1\" \/>\n<link rel=\"canonical\" href=\"https:\/\/cosmocars.gr\/fr\/economie-ecologie\/\" \/>\n<meta property=\"og:locale\" content=\"en_US\" \/>\n<meta property=\"og:type\" content=\"article\" \/>\n<meta property=\"og:title\" content=\"Location de Voiture Heraklion Aeroport Cr\u00e8te | Easyrent\" \/>\n<meta property=\"og:description\" content=\"Location de voiture Heraklion Aeroport, Chania et R\u00e9thymnon, Cr\u00e8te. Transferts \u00e0 bas prix en provenance des a\u00e9roports aux h\u00f4tels et aux ports!\" \/>\n<meta property=\"og:url\" content=\"https:\/\/cosmocars.gr\/fr\/economie-ecologie\/\" \/>\n<meta property=\"og:site_name\" content=\"cosmocars.gr\" \/>\n<meta property=\"article:modified_time\" content=\"2015-05-26T14:04:14+00:00\" \/>\n<meta property=\"og:image\" content=\"http:\/\/cosmocars.gr\/en\/wp-content\/uploads\/2014\/12\/logo-easyrent-a-car-rethymno52.png\" \/>\n<meta name=\"twitter:card\" content=\"summary_large_image\" \/>\n<meta name=\"twitter:label1\" content=\"Est. reading time\" \/>\n\t<meta name=\"twitter:data1\" content=\"1 minute\" \/>\n<script type=\"application\/ld+json\" class=\"yoast-schema-graph\">{\"@context\":\"https:\/\/schema.org\",\"@graph\":[{\"@type\":\"WebPage\",\"@id\":\"https:\/\/cosmocars.gr\/fr\/economie-ecologie\/\",\"url\":\"https:\/\/cosmocars.gr\/fr\/economie-ecologie\/\",\"name\":\"Location de Voiture Heraklion Aeroport Cr\u00e8te | Easyrent\",\"isPartOf\":{\"@id\":\"https:\/\/cosmocars.gr\/fr\/#website\"},\"datePublished\":\"2014-12-23T17:31:22+00:00\",\"dateModified\":\"2015-05-26T14:04:14+00:00\",\"description\":\"Location de voiture Heraklion Aeroport, Chania et R\u00e9thymnon, Cr\u00e8te. Transferts \u00e0 bas prix en provenance des a\u00e9roports aux h\u00f4tels et aux ports!\",\"breadcrumb\":{\"@id\":\"https:\/\/cosmocars.gr\/fr\/economie-ecologie\/#breadcrumb\"},\"inLanguage\":\"en-US\",\"potentialAction\":[{\"@type\":\"ReadAction\",\"target\":[\"https:\/\/cosmocars.gr\/fr\/economie-ecologie\/\"]}]},{\"@type\":\"BreadcrumbList\",\"@id\":\"https:\/\/cosmocars.gr\/fr\/economie-ecologie\/#breadcrumb\",\"itemListElement\":[{\"@type\":\"ListItem\",\"position\":1,\"name\":\"Home\",\"item\":\"https:\/\/cosmocars.gr\/fr\/\"},{\"@type\":\"ListItem\",\"position\":2,\"name\":\"Economie &#8211; Ecologie\"}]},{\"@type\":\"WebSite\",\"@id\":\"https:\/\/cosmocars.gr\/fr\/#website\",\"url\":\"https:\/\/cosmocars.gr\/fr\/\",\"name\":\"cosmocars.gr\",\"description\":\"easyrent - car rental in crete\",\"potentialAction\":[{\"@type\":\"SearchAction\",\"target\":{\"@type\":\"EntryPoint\",\"urlTemplate\":\"https:\/\/cosmocars.gr\/fr\/?s={search_term_string}\"},\"query-input\":\"required name=search_term_string\"}],\"inLanguage\":\"en-US\"}]}<\/script>\n<!-- \/ Yoast SEO plugin. -->","yoast_head_json":{"title":"Location de Voiture Heraklion Aeroport Cr\u00e8te | Easyrent","description":"Location de voiture Heraklion Aeroport, Chania et R\u00e9thymnon, Cr\u00e8te. Transferts \u00e0 bas prix en provenance des a\u00e9roports aux h\u00f4tels et aux ports!","robots":{"index":"index","follow":"follow","max-snippet":"max-snippet:-1","max-image-preview":"max-image-preview:large","max-video-preview":"max-video-preview:-1"},"canonical":"https:\/\/cosmocars.gr\/fr\/economie-ecologie\/","og_locale":"en_US","og_type":"article","og_title":"Location de Voiture Heraklion Aeroport Cr\u00e8te | Easyrent","og_description":"Location de voiture Heraklion Aeroport, Chania et R\u00e9thymnon, Cr\u00e8te. Transferts \u00e0 bas prix en provenance des a\u00e9roports aux h\u00f4tels et aux ports!","og_url":"https:\/\/cosmocars.gr\/fr\/economie-ecologie\/","og_site_name":"cosmocars.gr","article_modified_time":"2015-05-26T14:04:14+00:00","og_image":[{"url":"http:\/\/cosmocars.gr\/en\/wp-content\/uploads\/2014\/12\/logo-easyrent-a-car-rethymno52.png"}],"twitter_card":"summary_large_image","twitter_misc":{"Est. reading time":"1 minute"},"schema":{"@context":"https:\/\/schema.org","@graph":[{"@type":"WebPage","@id":"https:\/\/cosmocars.gr\/fr\/economie-ecologie\/","url":"https:\/\/cosmocars.gr\/fr\/economie-ecologie\/","name":"Location de Voiture Heraklion Aeroport Cr\u00e8te | Easyrent","isPartOf":{"@id":"https:\/\/cosmocars.gr\/fr\/#website"},"datePublished":"2014-12-23T17:31:22+00:00","dateModified":"2015-05-26T14:04:14+00:00","description":"Location de voiture Heraklion Aeroport, Chania et R\u00e9thymnon, Cr\u00e8te. Transferts \u00e0 bas prix en provenance des a\u00e9roports aux h\u00f4tels et aux ports!","breadcrumb":{"@id":"https:\/\/cosmocars.gr\/fr\/economie-ecologie\/#breadcrumb"},"inLanguage":"en-US","potentialAction":[{"@type":"ReadAction","target":["https:\/\/cosmocars.gr\/fr\/economie-ecologie\/"]}]},{"@type":"BreadcrumbList","@id":"https:\/\/cosmocars.gr\/fr\/economie-ecologie\/#breadcrumb","itemListElement":[{"@type":"ListItem","position":1,"name":"Home","item":"https:\/\/cosmocars.gr\/fr\/"},{"@type":"ListItem","position":2,"name":"Economie &#8211; Ecologie"}]},{"@type":"WebSite","@id":"https:\/\/cosmocars.gr\/fr\/#website","url":"https:\/\/cosmocars.gr\/fr\/","name":"cosmocars.gr","description":"easyrent - car rental in crete","potentialAction":[{"@type":"SearchAction","target":{"@type":"EntryPoint","urlTemplate":"https:\/\/cosmocars.gr\/fr\/?s={search_term_string}"},"query-input":"required name=search_term_string"}],"inLanguage":"en-US"}]}},"_links":{"self":[{"href":"https:\/\/cosmocars.gr\/fr\/wp-json\/wp\/v2\/pages\/509"}],"collection":[{"href":"https:\/\/cosmocars.gr\/fr\/wp-json\/wp\/v2\/pages"}],"about":[{"href":"https:\/\/cosmocars.gr\/fr\/wp-json\/wp\/v2\/types\/page"}],"author":[{"embeddable":true,"href":"https:\/\/cosmocars.gr\/fr\/wp-json\/wp\/v2\/users\/1"}],"replies":[{"embeddable":true,"href":"https:\/\/cosmocars.gr\/fr\/wp-json\/wp\/v2\/comments?post=509"}],"version-history":[{"count":10,"href":"https:\/\/cosmocars.gr\/fr\/wp-json\/wp\/v2\/pages\/509\/revisions"}],"predecessor-version":[{"id":809,"href":"https:\/\/cosmocars.gr\/fr\/wp-json\/wp\/v2\/pages\/509\/revisions\/809"}],"wp:attachment":[{"href":"https:\/\/cosmocars.gr\/fr\/wp-json\/wp\/v2\/media?parent=509"}],"curies":[{"name":"wp","href":"https:\/\/api.w.org\/{rel}","templated":true}]}}