{"id":19,"date":"2014-09-11T17:53:39","date_gmt":"2014-09-11T17:53:39","guid":{"rendered":"http:\/\/cosmocars.gr\/fr\/?page_id=19"},"modified":"2015-02-14T14:19:09","modified_gmt":"2015-02-14T14:19:09","slug":"termes-et-conditions","status":"publish","type":"page","link":"https:\/\/cosmocars.gr\/fr\/termes-et-conditions\/","title":{"rendered":"Termes et Conditions"},"content":{"rendered":"<h1>Termes et Conditions<\/h1>\n<p><strong class=\"lezanta\">L&#8217;assurance mixte cesse \u00e0 \u00eatre valable quand:<\/strong><\/p>\n<ul>\n<li>le conducteur se trouve en \u00e8tat d&#8217;ivresse ou d&#8217;usage d&#8217;autres substances (drogues, substances, illicinatifs, etc).<\/li>\n<li>le conducteur provoque une panne volontaire \u00e0 la voiture (vandalismes etc).<\/li>\n<li>le conducteur n&#8217;est pas compris au contrat de location.<\/li>\n<li>le contrat de location n&#8217;est pas valable et la voiture n&#8217;est pas \u00eatre retourn\u00e8e.<\/li>\n<li>la voiture est conduite hors des routes publics,comme routes de terre,plages etc.<\/li>\n<\/ul>\n<h1>Termes g\u00e9n\u00e9rals<\/h1>\n<ul>\n<li>l&#8217;\u00e2ge du conducteur doit \u00eatre 21 ans et plus.<\/li>\n<li>le conducteur doit avoir sous sa possession le permis de conduire qui est en vigueur au moins un an.<\/li>\n<li>le locataire est oblig\u00e9 de retourner la voiture \u00e0 la date predetermin\u00e9e et au lieu de reception ainsi qu&#8217;avec le niveau d&#8217;essence qui est convenu.<\/li>\n<li>le locataire est oblig\u00e9 de conduire la voiture de easyrent selon les lois de s\u00e9curit\u00e9 et le Code Routi\u00e9re.<\/li>\n<li>la voiture de easyrent peut \u00eatre utilis\u00e9 seulement sur les routes publiques et pas sur les routes de terre ou plages .<\/li>\n<li>seulement les personnes qui ont sign\u00e9 le contrat de location avec l&#8217;easyrent ont le droit de conduire la voiture.<\/li>\n<li>le v\u00e9hicule n&#8217;est pas \u00eatre utilis\u00e9 pour le transfert des passagers tiers ou des biens contre r\u00e9mun\u00e9ration.<\/li>\n<li>le v\u00e9hicule n&#8217;est pas \u00eatre autoris\u00e9 d&#8217; \u00eatre lou\u00e9 pas des tiers.<\/li>\n<li>le remorquage d&#8217;autres v\u00e9hicules et le transport des materiaux br\u00fblantes ou des substances illegaux n&#8217;est pas \u00eatre autoris\u00e9.<\/li>\n<li>la participation aux courses de vitesse ou concours est interdite.<\/li>\n<li>le transport de la voiture hors de la Cr\u00e8te est seulement autoris\u00e9 apr\u00e9s avoir pris une permission sp\u00e9ciale de easyrent.<\/li>\n<li>la contravention de Code Routi\u00e9re et de toutes les d\u00e9penses administratives ou amendes gr\u00e8vent le loueur.<\/li>\n<li>Au cas d&#8217;accident ou de panne le locataire a l&#8217;obligation de communiquer imm\u00e9diatement avec easyrent aux t\u00e9l\u00e9phones de service qui \u00e0 sa disposition.<\/li>\n<li>le locataire est oblig\u00e9 de conduire la voiture de easyrent de fa\u00e7on que le bon et correct\u00e9 fonctionnement se r\u00e9ussisse ainsi que la ferme a cl\u00e9 quand celle-ci n&#8217;est pas utilis\u00e9e.<\/li>\n<li>Au cas de perte ou d\u00e9struction de cl\u00e9 de la voiture de easyrent ,le locataire est oblig\u00e9 de payer la contre-valeur pour son remplacement,ainsi que la distance kilometrique que easyrent a couvert<\/li>\n<li>pour que lui offre le passe-partout.Cellui-ci est valable parce que toutes les cl\u00e9s de nos voitures ont une code.<\/li>\n<\/ul>\n","protected":false},"excerpt":{"rendered":"<p>Termes et Conditions L&#8217;assurance mixte cesse \u00e0 \u00eatre valable quand: le conducteur se trouve en \u00e8tat d&#8217;ivresse ou d&#8217;usage d&#8217;autres substances (drogues, substances, illicinatifs, etc). le conducteur provoque une panne volontaire \u00e0 la voiture (vandalismes etc). le conducteur n&#8217;est pas compris au contrat de location. le contrat de location n&#8217;est pas valable et la voiture [&hellip;]<\/p>\n","protected":false},"author":1,"featured_media":275,"parent":0,"menu_order":0,"comment_status":"closed","ping_status":"closed","template":"","meta":{"footnotes":""},"yoast_head":"<!-- This site is optimized with the Yoast SEO plugin v21.6 - https:\/\/yoast.com\/wordpress\/plugins\/seo\/ -->\n<title>Termes et Conditions - cosmocars.gr<\/title>\n<meta name=\"robots\" content=\"index, follow, max-snippet:-1, max-image-preview:large, max-video-preview:-1\" \/>\n<link rel=\"canonical\" href=\"https:\/\/cosmocars.gr\/fr\/termes-et-conditions\/\" \/>\n<meta property=\"og:locale\" content=\"en_US\" \/>\n<meta property=\"og:type\" content=\"article\" \/>\n<meta property=\"og:title\" content=\"Termes et Conditions - cosmocars.gr\" \/>\n<meta property=\"og:description\" content=\"Termes et Conditions L&#8217;assurance mixte cesse \u00e0 \u00eatre valable quand: le conducteur se trouve en \u00e8tat d&#8217;ivresse ou d&#8217;usage d&#8217;autres substances (drogues, substances, illicinatifs, etc). le conducteur provoque une panne volontaire \u00e0 la voiture (vandalismes etc). le conducteur n&#8217;est pas compris au contrat de location. le contrat de location n&#8217;est pas valable et la voiture [&hellip;]\" \/>\n<meta property=\"og:url\" content=\"https:\/\/cosmocars.gr\/fr\/termes-et-conditions\/\" \/>\n<meta property=\"og:site_name\" content=\"cosmocars.gr\" \/>\n<meta property=\"article:modified_time\" content=\"2015-02-14T14:19:09+00:00\" \/>\n<meta property=\"og:image\" content=\"https:\/\/cosmocars.gr\/fr\/wp-content\/uploads\/2014\/09\/safe-driving33.jpg\" \/>\n\t<meta property=\"og:image:width\" content=\"1000\" \/>\n\t<meta property=\"og:image:height\" content=\"334\" \/>\n\t<meta property=\"og:image:type\" content=\"image\/jpeg\" \/>\n<meta name=\"twitter:card\" content=\"summary_large_image\" \/>\n<meta name=\"twitter:label1\" content=\"Est. reading time\" \/>\n\t<meta name=\"twitter:data1\" content=\"2 minutes\" \/>\n<script type=\"application\/ld+json\" class=\"yoast-schema-graph\">{\"@context\":\"https:\/\/schema.org\",\"@graph\":[{\"@type\":\"WebPage\",\"@id\":\"https:\/\/cosmocars.gr\/fr\/termes-et-conditions\/\",\"url\":\"https:\/\/cosmocars.gr\/fr\/termes-et-conditions\/\",\"name\":\"Termes et Conditions - cosmocars.gr\",\"isPartOf\":{\"@id\":\"https:\/\/cosmocars.gr\/fr\/#website\"},\"datePublished\":\"2014-09-11T17:53:39+00:00\",\"dateModified\":\"2015-02-14T14:19:09+00:00\",\"breadcrumb\":{\"@id\":\"https:\/\/cosmocars.gr\/fr\/termes-et-conditions\/#breadcrumb\"},\"inLanguage\":\"en-US\",\"potentialAction\":[{\"@type\":\"ReadAction\",\"target\":[\"https:\/\/cosmocars.gr\/fr\/termes-et-conditions\/\"]}]},{\"@type\":\"BreadcrumbList\",\"@id\":\"https:\/\/cosmocars.gr\/fr\/termes-et-conditions\/#breadcrumb\",\"itemListElement\":[{\"@type\":\"ListItem\",\"position\":1,\"name\":\"Home\",\"item\":\"https:\/\/cosmocars.gr\/fr\/\"},{\"@type\":\"ListItem\",\"position\":2,\"name\":\"Termes et Conditions\"}]},{\"@type\":\"WebSite\",\"@id\":\"https:\/\/cosmocars.gr\/fr\/#website\",\"url\":\"https:\/\/cosmocars.gr\/fr\/\",\"name\":\"cosmocars.gr\",\"description\":\"easyrent - car rental in crete\",\"potentialAction\":[{\"@type\":\"SearchAction\",\"target\":{\"@type\":\"EntryPoint\",\"urlTemplate\":\"https:\/\/cosmocars.gr\/fr\/?s={search_term_string}\"},\"query-input\":\"required name=search_term_string\"}],\"inLanguage\":\"en-US\"}]}<\/script>\n<!-- \/ Yoast SEO plugin. -->","yoast_head_json":{"title":"Termes et Conditions - cosmocars.gr","robots":{"index":"index","follow":"follow","max-snippet":"max-snippet:-1","max-image-preview":"max-image-preview:large","max-video-preview":"max-video-preview:-1"},"canonical":"https:\/\/cosmocars.gr\/fr\/termes-et-conditions\/","og_locale":"en_US","og_type":"article","og_title":"Termes et Conditions - cosmocars.gr","og_description":"Termes et Conditions L&#8217;assurance mixte cesse \u00e0 \u00eatre valable quand: le conducteur se trouve en \u00e8tat d&#8217;ivresse ou d&#8217;usage d&#8217;autres substances (drogues, substances, illicinatifs, etc). le conducteur provoque une panne volontaire \u00e0 la voiture (vandalismes etc). le conducteur n&#8217;est pas compris au contrat de location. le contrat de location n&#8217;est pas valable et la voiture [&hellip;]","og_url":"https:\/\/cosmocars.gr\/fr\/termes-et-conditions\/","og_site_name":"cosmocars.gr","article_modified_time":"2015-02-14T14:19:09+00:00","og_image":[{"width":1000,"height":334,"url":"https:\/\/cosmocars.gr\/fr\/wp-content\/uploads\/2014\/09\/safe-driving33.jpg","type":"image\/jpeg"}],"twitter_card":"summary_large_image","twitter_misc":{"Est. reading time":"2 minutes"},"schema":{"@context":"https:\/\/schema.org","@graph":[{"@type":"WebPage","@id":"https:\/\/cosmocars.gr\/fr\/termes-et-conditions\/","url":"https:\/\/cosmocars.gr\/fr\/termes-et-conditions\/","name":"Termes et Conditions - cosmocars.gr","isPartOf":{"@id":"https:\/\/cosmocars.gr\/fr\/#website"},"datePublished":"2014-09-11T17:53:39+00:00","dateModified":"2015-02-14T14:19:09+00:00","breadcrumb":{"@id":"https:\/\/cosmocars.gr\/fr\/termes-et-conditions\/#breadcrumb"},"inLanguage":"en-US","potentialAction":[{"@type":"ReadAction","target":["https:\/\/cosmocars.gr\/fr\/termes-et-conditions\/"]}]},{"@type":"BreadcrumbList","@id":"https:\/\/cosmocars.gr\/fr\/termes-et-conditions\/#breadcrumb","itemListElement":[{"@type":"ListItem","position":1,"name":"Home","item":"https:\/\/cosmocars.gr\/fr\/"},{"@type":"ListItem","position":2,"name":"Termes et Conditions"}]},{"@type":"WebSite","@id":"https:\/\/cosmocars.gr\/fr\/#website","url":"https:\/\/cosmocars.gr\/fr\/","name":"cosmocars.gr","description":"easyrent - car rental in crete","potentialAction":[{"@type":"SearchAction","target":{"@type":"EntryPoint","urlTemplate":"https:\/\/cosmocars.gr\/fr\/?s={search_term_string}"},"query-input":"required name=search_term_string"}],"inLanguage":"en-US"}]}},"_links":{"self":[{"href":"https:\/\/cosmocars.gr\/fr\/wp-json\/wp\/v2\/pages\/19"}],"collection":[{"href":"https:\/\/cosmocars.gr\/fr\/wp-json\/wp\/v2\/pages"}],"about":[{"href":"https:\/\/cosmocars.gr\/fr\/wp-json\/wp\/v2\/types\/page"}],"author":[{"embeddable":true,"href":"https:\/\/cosmocars.gr\/fr\/wp-json\/wp\/v2\/users\/1"}],"replies":[{"embeddable":true,"href":"https:\/\/cosmocars.gr\/fr\/wp-json\/wp\/v2\/comments?post=19"}],"version-history":[{"count":26,"href":"https:\/\/cosmocars.gr\/fr\/wp-json\/wp\/v2\/pages\/19\/revisions"}],"predecessor-version":[{"id":796,"href":"https:\/\/cosmocars.gr\/fr\/wp-json\/wp\/v2\/pages\/19\/revisions\/796"}],"wp:featuredmedia":[{"embeddable":true,"href":"https:\/\/cosmocars.gr\/fr\/wp-json\/wp\/v2\/media\/275"}],"wp:attachment":[{"href":"https:\/\/cosmocars.gr\/fr\/wp-json\/wp\/v2\/media?parent=19"}],"curies":[{"name":"wp","href":"https:\/\/api.w.org\/{rel}","templated":true}]}}