{"id":17,"date":"2014-09-11T17:52:54","date_gmt":"2014-09-11T17:52:54","guid":{"rendered":"http:\/\/cosmocars.gr\/fr\/?page_id=17"},"modified":"2020-11-10T09:27:56","modified_gmt":"2020-11-10T09:27:56","slug":"assurance","status":"publish","type":"page","link":"https:\/\/cosmocars.gr\/fr\/assurance\/","title":{"rendered":"Assurance"},"content":{"rendered":"<h1>Assurance<\/h1>\n<p><strong class=\"lezanta\">Voyagez en securit\u00e9 en toute la Cr\u00e8te<br \/>\nToutes les v\u00e9hicules de easyrent sont compl\u00e9ment assur\u00e9s et couvrent toutes les normes d&#8217;assurance.<\/strong><br \/>\n<strong>Dans le prix de location, sont compris:<\/strong><\/p>\n<h2><span style=\"font-size: 18px;\">Louer une Voiture en Cr\u00e8te Heraklion!<\/span><\/h2>\n<ul>\n<li>L&#8217;assurance mixte qui limite la responsibilit\u00e9 du client au 0 euros.<\/li>\n<li>Elle couvre tous les d\u00e9g\u00e2ts qui probablement peuvent \u00a0\u00eatre provoqu\u00e9s au v\u00e9hicule lou\u00e9.<\/li>\n<li>L&#8217;assurance pour les d\u00e9faillances corporelles des tiers par accident jusqu&#8217;au 1.220.000 euros est compris.<\/li>\n<li>L&#8217;assurance pour les \u00a0d\u00e9g\u00e2ts materielles des tiers par accident jusqu&#8217;au 1.220.000 euros est \u00a0compris.<\/li>\n<li>Assurance de vol.<\/li>\n<li>Assurance de feu.<\/li>\n<li>Assurance de bris des verres<\/li>\n<li>Assurance des passagers avec des couvertures jusqu&#8217;au 1.220.000 euros<\/li>\n<li>Assurance du conducteur jusqu&#8217;au 15.000 euros<\/li>\n<li>Assurance pour les roues en bas de la voiture.<\/li>\n<li>L&#8217;assurance du conducteur et des passagers est comprise.<\/li>\n<li>Aide routi\u00e9re 24h sur 24h qui couvre toute l&#8217;\u00e9tendue de la Cr\u00e8te.<\/li>\n<\/ul>\n<p>Au cas sp\u00e8ciaux selon lequels le locataire contravient les termes du contrat ou m\u00eame de la loi,l&#8217;assurance de la voiture lou\u00e8 ne couvre pas le locataire.<\/p>\n<p>Vous \u00a0\u00eates pri\u00e8s de voir en d\u00e8tail l&#8217;unit\u00e8\u00a0\u201c<a href=\"termes-et-conditions\">Termes et Conditions<\/a>\u201d.<\/p>\n<h3><span style=\"font-size: 16px;\">Louer une Voiture en Cr\u00e8te Heraklion, Chania &amp; Rethymnon!<\/span><\/h3>\n","protected":false},"excerpt":{"rendered":"<p>Assurance Voyagez en securit\u00e9 en toute la Cr\u00e8te Toutes les v\u00e9hicules de easyrent sont compl\u00e9ment assur\u00e9s et couvrent toutes les normes d&#8217;assurance. Dans le prix de location, sont compris: Louer une Voiture en Cr\u00e8te Heraklion! L&#8217;assurance mixte qui limite la responsibilit\u00e9 du client au 0 euros. Elle couvre tous les d\u00e9g\u00e2ts qui probablement peuvent \u00a0\u00eatre [&hellip;]<\/p>\n","protected":false},"author":1,"featured_media":259,"parent":0,"menu_order":0,"comment_status":"closed","ping_status":"closed","template":"","meta":{"footnotes":""},"yoast_head":"<!-- This site is optimized with the Yoast SEO plugin v21.6 - https:\/\/yoast.com\/wordpress\/plugins\/seo\/ -->\n<title>Louer une Voiture en Cr\u00e8te Heraklion - Assurance | Easyrent<\/title>\n<meta name=\"description\" content=\"Louer une Voiture en Cr\u00e8te Heraklion et Rethymnon! Toutes nos voitures sont enti\u00e8rement assur\u00e9s et r\u00e9pondent \u00e0 toutes les standarts de s\u00e9curit\u00e9.\" \/>\n<meta name=\"robots\" content=\"index, follow, max-snippet:-1, max-image-preview:large, max-video-preview:-1\" \/>\n<link rel=\"canonical\" href=\"https:\/\/cosmocars.gr\/fr\/assurance\/\" \/>\n<meta property=\"og:locale\" content=\"en_US\" \/>\n<meta property=\"og:type\" content=\"article\" \/>\n<meta property=\"og:title\" content=\"Louer une Voiture en Cr\u00e8te Heraklion - Assurance | Easyrent\" \/>\n<meta property=\"og:description\" content=\"Louer une Voiture en Cr\u00e8te Heraklion et Rethymnon! Toutes nos voitures sont enti\u00e8rement assur\u00e9s et r\u00e9pondent \u00e0 toutes les standarts de s\u00e9curit\u00e9.\" \/>\n<meta property=\"og:url\" content=\"https:\/\/cosmocars.gr\/fr\/assurance\/\" \/>\n<meta property=\"og:site_name\" content=\"cosmocars.gr\" \/>\n<meta property=\"article:modified_time\" content=\"2020-11-10T09:27:56+00:00\" \/>\n<meta property=\"og:image\" content=\"https:\/\/cosmocars.gr\/fr\/wp-content\/uploads\/2014\/09\/top-asfaleia22.jpg\" \/>\n\t<meta property=\"og:image:width\" content=\"1500\" \/>\n\t<meta property=\"og:image:height\" content=\"250\" \/>\n\t<meta property=\"og:image:type\" content=\"image\/jpeg\" \/>\n<meta name=\"twitter:card\" content=\"summary_large_image\" \/>\n<meta name=\"twitter:label1\" content=\"Est. reading time\" \/>\n\t<meta name=\"twitter:data1\" content=\"1 minute\" \/>\n<script type=\"application\/ld+json\" class=\"yoast-schema-graph\">{\"@context\":\"https:\/\/schema.org\",\"@graph\":[{\"@type\":\"WebPage\",\"@id\":\"https:\/\/cosmocars.gr\/fr\/assurance\/\",\"url\":\"https:\/\/cosmocars.gr\/fr\/assurance\/\",\"name\":\"Louer une Voiture en Cr\u00e8te Heraklion - Assurance | Easyrent\",\"isPartOf\":{\"@id\":\"https:\/\/cosmocars.gr\/fr\/#website\"},\"datePublished\":\"2014-09-11T17:52:54+00:00\",\"dateModified\":\"2020-11-10T09:27:56+00:00\",\"description\":\"Louer une Voiture en Cr\u00e8te Heraklion et Rethymnon! Toutes nos voitures sont enti\u00e8rement assur\u00e9s et r\u00e9pondent \u00e0 toutes les standarts de s\u00e9curit\u00e9.\",\"breadcrumb\":{\"@id\":\"https:\/\/cosmocars.gr\/fr\/assurance\/#breadcrumb\"},\"inLanguage\":\"en-US\",\"potentialAction\":[{\"@type\":\"ReadAction\",\"target\":[\"https:\/\/cosmocars.gr\/fr\/assurance\/\"]}]},{\"@type\":\"BreadcrumbList\",\"@id\":\"https:\/\/cosmocars.gr\/fr\/assurance\/#breadcrumb\",\"itemListElement\":[{\"@type\":\"ListItem\",\"position\":1,\"name\":\"Home\",\"item\":\"https:\/\/cosmocars.gr\/fr\/\"},{\"@type\":\"ListItem\",\"position\":2,\"name\":\"Assurance\"}]},{\"@type\":\"WebSite\",\"@id\":\"https:\/\/cosmocars.gr\/fr\/#website\",\"url\":\"https:\/\/cosmocars.gr\/fr\/\",\"name\":\"cosmocars.gr\",\"description\":\"easyrent - car rental in crete\",\"potentialAction\":[{\"@type\":\"SearchAction\",\"target\":{\"@type\":\"EntryPoint\",\"urlTemplate\":\"https:\/\/cosmocars.gr\/fr\/?s={search_term_string}\"},\"query-input\":\"required name=search_term_string\"}],\"inLanguage\":\"en-US\"}]}<\/script>\n<!-- \/ Yoast SEO plugin. -->","yoast_head_json":{"title":"Louer une Voiture en Cr\u00e8te Heraklion - Assurance | Easyrent","description":"Louer une Voiture en Cr\u00e8te Heraklion et Rethymnon! Toutes nos voitures sont enti\u00e8rement assur\u00e9s et r\u00e9pondent \u00e0 toutes les standarts de s\u00e9curit\u00e9.","robots":{"index":"index","follow":"follow","max-snippet":"max-snippet:-1","max-image-preview":"max-image-preview:large","max-video-preview":"max-video-preview:-1"},"canonical":"https:\/\/cosmocars.gr\/fr\/assurance\/","og_locale":"en_US","og_type":"article","og_title":"Louer une Voiture en Cr\u00e8te Heraklion - Assurance | Easyrent","og_description":"Louer une Voiture en Cr\u00e8te Heraklion et Rethymnon! Toutes nos voitures sont enti\u00e8rement assur\u00e9s et r\u00e9pondent \u00e0 toutes les standarts de s\u00e9curit\u00e9.","og_url":"https:\/\/cosmocars.gr\/fr\/assurance\/","og_site_name":"cosmocars.gr","article_modified_time":"2020-11-10T09:27:56+00:00","og_image":[{"width":1500,"height":250,"url":"https:\/\/cosmocars.gr\/fr\/wp-content\/uploads\/2014\/09\/top-asfaleia22.jpg","type":"image\/jpeg"}],"twitter_card":"summary_large_image","twitter_misc":{"Est. reading time":"1 minute"},"schema":{"@context":"https:\/\/schema.org","@graph":[{"@type":"WebPage","@id":"https:\/\/cosmocars.gr\/fr\/assurance\/","url":"https:\/\/cosmocars.gr\/fr\/assurance\/","name":"Louer une Voiture en Cr\u00e8te Heraklion - Assurance | Easyrent","isPartOf":{"@id":"https:\/\/cosmocars.gr\/fr\/#website"},"datePublished":"2014-09-11T17:52:54+00:00","dateModified":"2020-11-10T09:27:56+00:00","description":"Louer une Voiture en Cr\u00e8te Heraklion et Rethymnon! Toutes nos voitures sont enti\u00e8rement assur\u00e9s et r\u00e9pondent \u00e0 toutes les standarts de s\u00e9curit\u00e9.","breadcrumb":{"@id":"https:\/\/cosmocars.gr\/fr\/assurance\/#breadcrumb"},"inLanguage":"en-US","potentialAction":[{"@type":"ReadAction","target":["https:\/\/cosmocars.gr\/fr\/assurance\/"]}]},{"@type":"BreadcrumbList","@id":"https:\/\/cosmocars.gr\/fr\/assurance\/#breadcrumb","itemListElement":[{"@type":"ListItem","position":1,"name":"Home","item":"https:\/\/cosmocars.gr\/fr\/"},{"@type":"ListItem","position":2,"name":"Assurance"}]},{"@type":"WebSite","@id":"https:\/\/cosmocars.gr\/fr\/#website","url":"https:\/\/cosmocars.gr\/fr\/","name":"cosmocars.gr","description":"easyrent - car rental in crete","potentialAction":[{"@type":"SearchAction","target":{"@type":"EntryPoint","urlTemplate":"https:\/\/cosmocars.gr\/fr\/?s={search_term_string}"},"query-input":"required name=search_term_string"}],"inLanguage":"en-US"}]}},"_links":{"self":[{"href":"https:\/\/cosmocars.gr\/fr\/wp-json\/wp\/v2\/pages\/17"}],"collection":[{"href":"https:\/\/cosmocars.gr\/fr\/wp-json\/wp\/v2\/pages"}],"about":[{"href":"https:\/\/cosmocars.gr\/fr\/wp-json\/wp\/v2\/types\/page"}],"author":[{"embeddable":true,"href":"https:\/\/cosmocars.gr\/fr\/wp-json\/wp\/v2\/users\/1"}],"replies":[{"embeddable":true,"href":"https:\/\/cosmocars.gr\/fr\/wp-json\/wp\/v2\/comments?post=17"}],"version-history":[{"count":14,"href":"https:\/\/cosmocars.gr\/fr\/wp-json\/wp\/v2\/pages\/17\/revisions"}],"predecessor-version":[{"id":1103,"href":"https:\/\/cosmocars.gr\/fr\/wp-json\/wp\/v2\/pages\/17\/revisions\/1103"}],"wp:featuredmedia":[{"embeddable":true,"href":"https:\/\/cosmocars.gr\/fr\/wp-json\/wp\/v2\/media\/259"}],"wp:attachment":[{"href":"https:\/\/cosmocars.gr\/fr\/wp-json\/wp\/v2\/media?parent=17"}],"curies":[{"name":"wp","href":"https:\/\/api.w.org\/{rel}","templated":true}]}}