{"id":14,"date":"2014-09-11T17:52:04","date_gmt":"2014-09-11T17:52:04","guid":{"rendered":"http:\/\/cosmocars.gr\/fr\/?page_id=14"},"modified":"2015-02-14T14:09:55","modified_gmt":"2015-02-14T14:09:55","slug":"modes-de-paiement","status":"publish","type":"page","link":"https:\/\/cosmocars.gr\/fr\/modes-de-paiement\/","title":{"rendered":"Modes de paiement"},"content":{"rendered":"<p><a href=\"http:\/\/cosmocars.gr\/fr\/wp-content\/uploads\/2014\/09\/oroi-proypotheseis-rent-a-car1.jpg\"><img loading=\"lazy\" decoding=\"async\" class=\"wp-image-139 alignleft\" src=\"http:\/\/cosmocars.gr\/fr\/wp-content\/uploads\/2014\/09\/oroi-proypotheseis-rent-a-car1.jpg\" alt=\"oroi-proypotheseis-rent-a-car\" width=\"450\" height=\"228\" \/><\/a><\/p>\n<h1>Modes de paiement<\/h1>\n<p>Le paiement peut \u00eatre realise selon les fa\u00e7ons suivants:<\/p>\n<ul>\n<li>en liquide en euros<\/li>\n<li>par carte bancaire (Master card ou Visa)<\/li>\n<li>d\u00e9p\u00f4t ou virement dans un compte bancaire<\/li>\n<\/ul>\n<p><em>Au cas d&#8217;annulation la somme de l&#8217;acompte n&#8217;est pas  \u00eatre retourn\u00e8e.<\/em><\/p>\n","protected":false},"excerpt":{"rendered":"<p>Modes de paiement Le paiement peut \u00eatre realise selon les fa\u00e7ons suivants: en liquide en euros par carte bancaire (Master card ou Visa) d\u00e9p\u00f4t ou virement dans un compte bancaire Au cas d&#8217;annulation la somme de l&#8217;acompte n&#8217;est pas \u00eatre retourn\u00e8e.<\/p>\n","protected":false},"author":1,"featured_media":256,"parent":0,"menu_order":0,"comment_status":"closed","ping_status":"closed","template":"","meta":{"footnotes":""},"yoast_head":"<!-- This site is optimized with the Yoast SEO plugin v21.6 - https:\/\/yoast.com\/wordpress\/plugins\/seo\/ -->\n<title>Modes de paiement - cosmocars.gr<\/title>\n<meta name=\"robots\" content=\"index, follow, max-snippet:-1, max-image-preview:large, max-video-preview:-1\" \/>\n<link rel=\"canonical\" href=\"https:\/\/cosmocars.gr\/fr\/modes-de-paiement\/\" \/>\n<meta property=\"og:locale\" content=\"en_US\" \/>\n<meta property=\"og:type\" content=\"article\" \/>\n<meta property=\"og:title\" content=\"Modes de paiement - cosmocars.gr\" \/>\n<meta property=\"og:description\" content=\"Modes de paiement Le paiement peut \u00eatre realise selon les fa\u00e7ons suivants: en liquide en euros par carte bancaire (Master card ou Visa) d\u00e9p\u00f4t ou virement dans un compte bancaire Au cas d&#8217;annulation la somme de l&#8217;acompte n&#8217;est pas \u00eatre retourn\u00e8e.\" \/>\n<meta property=\"og:url\" content=\"https:\/\/cosmocars.gr\/fr\/modes-de-paiement\/\" \/>\n<meta property=\"og:site_name\" content=\"cosmocars.gr\" \/>\n<meta property=\"article:modified_time\" content=\"2015-02-14T14:09:55+00:00\" \/>\n<meta property=\"og:image\" content=\"https:\/\/cosmocars.gr\/fr\/wp-content\/uploads\/2014\/12\/top-tropoi-pliromis22.jpg\" \/>\n\t<meta property=\"og:image:width\" content=\"1500\" \/>\n\t<meta property=\"og:image:height\" content=\"250\" \/>\n\t<meta property=\"og:image:type\" content=\"image\/jpeg\" \/>\n<meta name=\"twitter:card\" content=\"summary_large_image\" \/>\n<script type=\"application\/ld+json\" class=\"yoast-schema-graph\">{\"@context\":\"https:\/\/schema.org\",\"@graph\":[{\"@type\":\"WebPage\",\"@id\":\"https:\/\/cosmocars.gr\/fr\/modes-de-paiement\/\",\"url\":\"https:\/\/cosmocars.gr\/fr\/modes-de-paiement\/\",\"name\":\"Modes de paiement - cosmocars.gr\",\"isPartOf\":{\"@id\":\"https:\/\/cosmocars.gr\/fr\/#website\"},\"datePublished\":\"2014-09-11T17:52:04+00:00\",\"dateModified\":\"2015-02-14T14:09:55+00:00\",\"breadcrumb\":{\"@id\":\"https:\/\/cosmocars.gr\/fr\/modes-de-paiement\/#breadcrumb\"},\"inLanguage\":\"en-US\",\"potentialAction\":[{\"@type\":\"ReadAction\",\"target\":[\"https:\/\/cosmocars.gr\/fr\/modes-de-paiement\/\"]}]},{\"@type\":\"BreadcrumbList\",\"@id\":\"https:\/\/cosmocars.gr\/fr\/modes-de-paiement\/#breadcrumb\",\"itemListElement\":[{\"@type\":\"ListItem\",\"position\":1,\"name\":\"Home\",\"item\":\"https:\/\/cosmocars.gr\/fr\/\"},{\"@type\":\"ListItem\",\"position\":2,\"name\":\"Modes de paiement\"}]},{\"@type\":\"WebSite\",\"@id\":\"https:\/\/cosmocars.gr\/fr\/#website\",\"url\":\"https:\/\/cosmocars.gr\/fr\/\",\"name\":\"cosmocars.gr\",\"description\":\"easyrent - car rental in crete\",\"potentialAction\":[{\"@type\":\"SearchAction\",\"target\":{\"@type\":\"EntryPoint\",\"urlTemplate\":\"https:\/\/cosmocars.gr\/fr\/?s={search_term_string}\"},\"query-input\":\"required name=search_term_string\"}],\"inLanguage\":\"en-US\"}]}<\/script>\n<!-- \/ Yoast SEO plugin. -->","yoast_head_json":{"title":"Modes de paiement - cosmocars.gr","robots":{"index":"index","follow":"follow","max-snippet":"max-snippet:-1","max-image-preview":"max-image-preview:large","max-video-preview":"max-video-preview:-1"},"canonical":"https:\/\/cosmocars.gr\/fr\/modes-de-paiement\/","og_locale":"en_US","og_type":"article","og_title":"Modes de paiement - cosmocars.gr","og_description":"Modes de paiement Le paiement peut \u00eatre realise selon les fa\u00e7ons suivants: en liquide en euros par carte bancaire (Master card ou Visa) d\u00e9p\u00f4t ou virement dans un compte bancaire Au cas d&#8217;annulation la somme de l&#8217;acompte n&#8217;est pas \u00eatre retourn\u00e8e.","og_url":"https:\/\/cosmocars.gr\/fr\/modes-de-paiement\/","og_site_name":"cosmocars.gr","article_modified_time":"2015-02-14T14:09:55+00:00","og_image":[{"width":1500,"height":250,"url":"https:\/\/cosmocars.gr\/fr\/wp-content\/uploads\/2014\/12\/top-tropoi-pliromis22.jpg","type":"image\/jpeg"}],"twitter_card":"summary_large_image","schema":{"@context":"https:\/\/schema.org","@graph":[{"@type":"WebPage","@id":"https:\/\/cosmocars.gr\/fr\/modes-de-paiement\/","url":"https:\/\/cosmocars.gr\/fr\/modes-de-paiement\/","name":"Modes de paiement - cosmocars.gr","isPartOf":{"@id":"https:\/\/cosmocars.gr\/fr\/#website"},"datePublished":"2014-09-11T17:52:04+00:00","dateModified":"2015-02-14T14:09:55+00:00","breadcrumb":{"@id":"https:\/\/cosmocars.gr\/fr\/modes-de-paiement\/#breadcrumb"},"inLanguage":"en-US","potentialAction":[{"@type":"ReadAction","target":["https:\/\/cosmocars.gr\/fr\/modes-de-paiement\/"]}]},{"@type":"BreadcrumbList","@id":"https:\/\/cosmocars.gr\/fr\/modes-de-paiement\/#breadcrumb","itemListElement":[{"@type":"ListItem","position":1,"name":"Home","item":"https:\/\/cosmocars.gr\/fr\/"},{"@type":"ListItem","position":2,"name":"Modes de paiement"}]},{"@type":"WebSite","@id":"https:\/\/cosmocars.gr\/fr\/#website","url":"https:\/\/cosmocars.gr\/fr\/","name":"cosmocars.gr","description":"easyrent - car rental in crete","potentialAction":[{"@type":"SearchAction","target":{"@type":"EntryPoint","urlTemplate":"https:\/\/cosmocars.gr\/fr\/?s={search_term_string}"},"query-input":"required name=search_term_string"}],"inLanguage":"en-US"}]}},"_links":{"self":[{"href":"https:\/\/cosmocars.gr\/fr\/wp-json\/wp\/v2\/pages\/14"}],"collection":[{"href":"https:\/\/cosmocars.gr\/fr\/wp-json\/wp\/v2\/pages"}],"about":[{"href":"https:\/\/cosmocars.gr\/fr\/wp-json\/wp\/v2\/types\/page"}],"author":[{"embeddable":true,"href":"https:\/\/cosmocars.gr\/fr\/wp-json\/wp\/v2\/users\/1"}],"replies":[{"embeddable":true,"href":"https:\/\/cosmocars.gr\/fr\/wp-json\/wp\/v2\/comments?post=14"}],"version-history":[{"count":26,"href":"https:\/\/cosmocars.gr\/fr\/wp-json\/wp\/v2\/pages\/14\/revisions"}],"predecessor-version":[{"id":795,"href":"https:\/\/cosmocars.gr\/fr\/wp-json\/wp\/v2\/pages\/14\/revisions\/795"}],"wp:featuredmedia":[{"embeddable":true,"href":"https:\/\/cosmocars.gr\/fr\/wp-json\/wp\/v2\/media\/256"}],"wp:attachment":[{"href":"https:\/\/cosmocars.gr\/fr\/wp-json\/wp\/v2\/media?parent=14"}],"curies":[{"name":"wp","href":"https:\/\/api.w.org\/{rel}","templated":true}]}}