{"id":10,"date":"2014-09-11T17:51:21","date_gmt":"2014-09-11T17:51:21","guid":{"rendered":"http:\/\/cosmocars.gr\/fr\/?page_id=10"},"modified":"2023-04-01T09:13:31","modified_gmt":"2023-04-01T09:13:31","slug":"stations","status":"publish","type":"page","link":"https:\/\/cosmocars.gr\/fr\/stations\/","title":{"rendered":"Stations"},"content":{"rendered":"<h1>Stations<\/h1>\n<p><strong class=\"lezanta\">\u00c1 easyrent on couvre toute l&#8217;\u00e9ntendue la Cr\u00e8te.<\/strong><\/p>\n<p><strong>C&#8217;est vous qui choisissez la station o\u00f9 vous pouvez \u00eatre servi de l&#8217;aeroport au port ou votre h\u00f4tel.<br \/>\nO\u00f9 que vous \u00eates,contactez avec nous et nous viendrons directement.<br \/>\n<\/strong><\/p>\n<p>Vous pouvez recevoir ou livrer votre voiture \u00e0 l&#8217;aeroport de la Cann\u00e9 ou H\u00e9raklion et aux tous les ports de l&#8217;\u00eele aussi.<\/p>\n<p>Apr\u00e9s avoir envoy\u00e9 vos informations n\u00e9cessaires votre num\u00e9ro de vol ou le nom de bateau,jour ,heure etc. un employ\u00e9 d&#8217;easyrent vous attendra \u00e0 la sortie.<\/p>\n<p>Aussi,vous avez la possibilite tant de recevoir et de livrer la voiture \u00e0 votre h\u00f4tel ou n&#8217;importe o\u00f9 que vous souhaitez apr\u00e9s avoir contact\u00e9 avec nous.<\/p>\n<p>&nbsp;<\/p>\n<p>La Cr\u00e8te est une \u00eele magnifique avec des paysages magnifiques et des tr\u00e9sors cach\u00e9s \u00e0 d\u00e9couvrir. Louer une voiture est le meilleur moyen d&#8217;explorer l&#8217;\u00eele et de d\u00e9couvrir tout ce qu&#8217;elle a \u00e0 offrir. EasyRent Cosmocars est un service de location de voitures fiable en Cr\u00e8te, avec des stations situ\u00e9es \u00e0 travers l&#8217;\u00eele, notamment l&#8217;a\u00e9roport de La Can\u00e9e en Cr\u00e8te, l&#8217;a\u00e9roport d&#8217;H\u00e9raklion en Cr\u00e8te et R\u00e9thymnon.<br \/>\nD\u00e9couvrez ci-dessous les avantages de louer une voiture avec EasyRent Cosmocars dans ces stations et comment ils peuvent rendre votre visite en Cr\u00e8te plus agr\u00e9able.<\/p>\n<h3>Pourquoi choisir EasyRent Cosmocars :<\/h3>\n<p>EasyRent Cosmocars est un service de location de voitures de confiance en Cr\u00e8te, r\u00e9put\u00e9 pour son excellent service client et ses tarifs comp\u00e9titifs. Leur flotte de v\u00e9hicules est bien entretenue et comprend des voitures de diff\u00e9rentes tailles et types, adapt\u00e9es \u00e0 toutes sortes de besoins de voyage. L&#8217;un des principaux avantages de choisir EasyRent Cosmocars est leur gamme de services couvrant de nombreuses parties diff\u00e9rentes de l&#8217;\u00eele. Cela signifie que vous pouvez r\u00e9cup\u00e9rer et restituer votre voiture de location \u00e0 un endroit qui vous convient, que vous arriviez \u00e0 l&#8217;a\u00e9roport de La Can\u00e9e en Cr\u00e8te, \u00e0 l&#8217;a\u00e9roport d&#8217;H\u00e9raklion en Cr\u00e8te ou \u00e0 R\u00e9thymnon.<\/p>\n<p><strong>Location de voiture \u00e0 l&#8217;a\u00e9roport de La Can\u00e9e en Cr\u00e8te\u00a0:<\/strong><br \/>\nL&#8217;a\u00e9roport de La Can\u00e9e en Cr\u00e8te est l&#8217;un des a\u00e9roports les plus fr\u00e9quent\u00e9s de Cr\u00e8te, avec des milliers de visiteurs arrivant chaque ann\u00e9e. Louer une voiture chez EasyRent Cosmocars \u00e0 l&#8217;a\u00e9roport de La Can\u00e9e en Cr\u00e8te est une option pratique qui vous permet de commencer votre voyage en Cr\u00e8te d\u00e8s votre arriv\u00e9e.<br \/>\nEasyRent Cosmocars propose un service gratuit depuis et vers l&#8217;a\u00e9roport, o\u00f9 vous pourrez r\u00e9cup\u00e9rer votre voiture de location. Ils peuvent livrer votre voiture \u00e0 l&#8217;a\u00e9roport de Chania Cr\u00e8te tous les jours 24h\/24 et 7j\/7, vous pouvez donc louer une voiture \u00e0 toute heure du jour ou de la nuit.<\/p>\n<p><strong>Location de voiture \u00e0 l&#8217;a\u00e9roport d&#8217;H\u00e9raklion ou d&#8217;H\u00e9raklion en Cr\u00e8te\u00a0:<\/strong><br \/>\nH\u00e9raklion est la plus grande ville de Cr\u00e8te, situ\u00e9e dans la partie centrale de l&#8217;\u00eele. C&#8217;est une destination touristique populaire, avec de nombreux sites historiques et mus\u00e9es \u00e0 explorer. Louer une voiture chez EasyRent Cosmocars \u00e0 H\u00e9raklion vous permet de vous d\u00e9placer facilement dans la ville et de d\u00e9couvrir ses joyaux cach\u00e9s. EasyRent Cosmocars vous servira \u00e9galement \u00e0 H\u00e9raklion et bien s\u00fbr \u00e0 l&#8217;a\u00e9roport d&#8217;H\u00e9raklion en Cr\u00e8te tous les jours 24h\/24 et 7j\/7, vous pouvez donc louer une voiture \u00e0 toute heure du jour ou de la nuit, ce qui facilite la location d&#8217;une voiture pour la plupart des visiteurs.<\/p>\n<p><strong>Location de voiture \u00e0 R\u00e9thymnon\u00a0:<\/strong><br \/>\nR\u00e9thymnon est une charmante ville situ\u00e9e sur la c\u00f4te nord de la Cr\u00e8te, connue pour sa vieille ville pittoresque et ses longues plages de sable. C&#8217;est \u00e9galement l&#8217;emplacement du si\u00e8ge social et de la gare principale d&#8217;EasyRent Cosmocars en Cr\u00e8te. Louer une voiture chez EasyRent Cosmocars \u00e0 R\u00e9thymnon vous permet d&#8217;explorer la ville et les attractions \u00e0 proximit\u00e9 \u00e0 votre rythme. Leur station est id\u00e9alement situ\u00e9e dans la ville et propose la livraison et la collecte gratuites de voitures de location partout sur l&#8217;\u00eele.<\/p>\n<h3>Services offerts par EasyRent Cosmocars :<\/h3>\n<p>EasyRent Cosmocars propose une gamme de services pour rendre votre exp\u00e9rience de location de voiture en Cr\u00e8te plus confortable et sans tracas. Voici quelques-uns des services cl\u00e9s qu&#8217;ils offrent:<\/p>\n<p><strong>Service gratuit 24h\/24 et 7j\/7 :<\/strong><br \/>\nSi vous louez une voiture chez EasyRent Cosmocars \u00e0 l&#8217;a\u00e9roport de La Can\u00e9e en Cr\u00e8te ou \u00e0 l&#8217;a\u00e9roport d&#8217;H\u00e9raklion en Cr\u00e8te, ils offrent un service gratuit 24h\/24 et 7j\/7 directement \u00e0 l&#8217;a\u00e9roport.<\/p>\n<p><strong>Kilom\u00e9trage illimit\u00e9:<\/strong><br \/>\nAvec EasyRent Cosmocars, vous pouvez profiter d&#8217;un kilom\u00e9trage illimit\u00e9 sur votre voiture de location, ce qui vous permet d&#8217;explorer l&#8217;\u00eele sans vous soucier des frais suppl\u00e9mentaires.<\/p>\n<p><strong>Si\u00e8ges enfant\u00a0:<\/strong><br \/>\nSi vous voyagez avec de jeunes enfants, EasyRent Cosmocars peut fournir gratuitement des si\u00e8ges enfants pour assurer leur s\u00e9curit\u00e9 et leur confort.<\/p>\n<p><strong>Navigation GPS:<\/strong><br \/>\nEasyRent Cosmocars propose des syst\u00e8mes de navigation GPS avec leurs voitures de location, afin que vous puissiez facilement vous rep\u00e9rer en Cr\u00e8te.<\/p>\n<p><strong>Assistance routi\u00e8re 24h\/24 et 7j\/7\u00a0:<\/strong><br \/>\nDans le cas peu probable o\u00f9 vous rencontreriez des probl\u00e8mes avec votre voiture de location, EasyRent Cosmocars propose une assistance routi\u00e8re 24h\/24 et 7j\/7 pour vous assurer que vous \u00eates toujours en s\u00e9curit\u00e9 et prot\u00e9g\u00e9.<\/p>\n<p><strong>Assurance:<\/strong><br \/>\nEasyRent Cosmocars inclut une couverture d&#8217;assurance compl\u00e8te avec toutes leurs voitures de location, et vous pouvez \u00e9galement acheter une couverture suppl\u00e9mentaire pour plus de tranquillit\u00e9 d&#8217;esprit.<\/p>\n<p><strong>R\u00e9servation facile :<\/strong><br \/>\nR\u00e9server une voiture de location avec EasyRent Cosmocars est simple et direct. Vous pouvez effectuer une r\u00e9servation en ligne ou par t\u00e9l\u00e9phone, et leur personnel vous fournira toutes les informations dont vous avez besoin pour r\u00e9cup\u00e9rer votre voiture de location \u00e0 l&#8217;endroit de votre choix.<\/p>\n<p>Conclusion:<br \/>\nLouer une voiture est le meilleur moyen d&#8217;explorer la magnifique \u00eele de Cr\u00e8te et de d\u00e9couvrir ses joyaux cach\u00e9s. EasyRent Cosmocars est un service de location de voitures fiable et de confiance en Cr\u00e8te, avec plusieurs stations-service situ\u00e9es \u00e0 travers l&#8217;\u00eele, notamment l&#8217;a\u00e9roport de La Can\u00e9e en Cr\u00e8te, l&#8217;a\u00e9roport d&#8217;H\u00e9raklion en Cr\u00e8te et R\u00e9thymnon. Leur flotte de voitures de location bien entretenues, ainsi que leur excellent service client, en font un choix de premier ordre pour les visiteurs en Cr\u00e8te.<\/p>\n<p>Louer une voiture chez EasyRent Cosmocars vous permet d&#8217;explorer l&#8217;\u00eele \u00e0 votre rythme, sans vous soucier des tracas des transports en commun. Gr\u00e2ce \u00e0 leurs multiples stations-service, vous pouvez facilement r\u00e9cup\u00e9rer et d\u00e9poser votre voiture de location \u00e0 l&#8217;endroit qui vous convient le mieux.<\/p>\n<p>Si vous pr\u00e9voyez une visite en Cr\u00e8te, envisagez de louer une voiture chez EasyRent Cosmocars. Des tarifs comp\u00e9titifs, un excellent service client et des emplacements pratiques font d&#8217;EasyRent Cosmocars le choix parfait pour vos besoins de voyage.<\/p>\n","protected":false},"excerpt":{"rendered":"<p>Stations \u00c1 easyrent on couvre toute l&#8217;\u00e9ntendue la Cr\u00e8te. C&#8217;est vous qui choisissez la station o\u00f9 vous pouvez \u00eatre servi de l&#8217;aeroport au port ou votre h\u00f4tel. O\u00f9 que vous \u00eates,contactez avec nous et nous viendrons directement. Vous pouvez recevoir ou livrer votre voiture \u00e0 l&#8217;aeroport de la Cann\u00e9 ou H\u00e9raklion et aux tous les [&hellip;]<\/p>\n","protected":false},"author":1,"featured_media":117,"parent":0,"menu_order":0,"comment_status":"closed","ping_status":"closed","template":"","meta":{"footnotes":""},"yoast_head":"<!-- This site is optimized with the Yoast SEO plugin v21.6 - https:\/\/yoast.com\/wordpress\/plugins\/seo\/ -->\n<title>Stations - cosmocars.gr<\/title>\n<meta name=\"robots\" content=\"index, follow, max-snippet:-1, max-image-preview:large, max-video-preview:-1\" \/>\n<link rel=\"canonical\" href=\"https:\/\/cosmocars.gr\/fr\/stations\/\" \/>\n<meta property=\"og:locale\" content=\"en_US\" \/>\n<meta property=\"og:type\" content=\"article\" \/>\n<meta property=\"og:title\" content=\"Stations - cosmocars.gr\" \/>\n<meta property=\"og:description\" content=\"Stations \u00c1 easyrent on couvre toute l&#8217;\u00e9ntendue la Cr\u00e8te. C&#8217;est vous qui choisissez la station o\u00f9 vous pouvez \u00eatre servi de l&#8217;aeroport au port ou votre h\u00f4tel. O\u00f9 que vous \u00eates,contactez avec nous et nous viendrons directement. Vous pouvez recevoir ou livrer votre voiture \u00e0 l&#8217;aeroport de la Cann\u00e9 ou H\u00e9raklion et aux tous les [&hellip;]\" \/>\n<meta property=\"og:url\" content=\"https:\/\/cosmocars.gr\/fr\/stations\/\" \/>\n<meta property=\"og:site_name\" content=\"cosmocars.gr\" \/>\n<meta property=\"article:modified_time\" content=\"2023-04-01T09:13:31+00:00\" \/>\n<meta property=\"og:image\" content=\"https:\/\/cosmocars.gr\/fr\/wp-content\/uploads\/2014\/09\/crete-map.png\" \/>\n\t<meta property=\"og:image:width\" content=\"1000\" \/>\n\t<meta property=\"og:image:height\" content=\"334\" \/>\n\t<meta property=\"og:image:type\" content=\"image\/png\" \/>\n<meta name=\"twitter:card\" content=\"summary_large_image\" \/>\n<meta name=\"twitter:label1\" content=\"Est. reading time\" \/>\n\t<meta name=\"twitter:data1\" content=\"6 minutes\" \/>\n<script type=\"application\/ld+json\" class=\"yoast-schema-graph\">{\"@context\":\"https:\/\/schema.org\",\"@graph\":[{\"@type\":\"WebPage\",\"@id\":\"https:\/\/cosmocars.gr\/fr\/stations\/\",\"url\":\"https:\/\/cosmocars.gr\/fr\/stations\/\",\"name\":\"Stations - cosmocars.gr\",\"isPartOf\":{\"@id\":\"https:\/\/cosmocars.gr\/fr\/#website\"},\"datePublished\":\"2014-09-11T17:51:21+00:00\",\"dateModified\":\"2023-04-01T09:13:31+00:00\",\"breadcrumb\":{\"@id\":\"https:\/\/cosmocars.gr\/fr\/stations\/#breadcrumb\"},\"inLanguage\":\"en-US\",\"potentialAction\":[{\"@type\":\"ReadAction\",\"target\":[\"https:\/\/cosmocars.gr\/fr\/stations\/\"]}]},{\"@type\":\"BreadcrumbList\",\"@id\":\"https:\/\/cosmocars.gr\/fr\/stations\/#breadcrumb\",\"itemListElement\":[{\"@type\":\"ListItem\",\"position\":1,\"name\":\"Home\",\"item\":\"https:\/\/cosmocars.gr\/fr\/\"},{\"@type\":\"ListItem\",\"position\":2,\"name\":\"Stations\"}]},{\"@type\":\"WebSite\",\"@id\":\"https:\/\/cosmocars.gr\/fr\/#website\",\"url\":\"https:\/\/cosmocars.gr\/fr\/\",\"name\":\"cosmocars.gr\",\"description\":\"easyrent - car rental in crete\",\"potentialAction\":[{\"@type\":\"SearchAction\",\"target\":{\"@type\":\"EntryPoint\",\"urlTemplate\":\"https:\/\/cosmocars.gr\/fr\/?s={search_term_string}\"},\"query-input\":\"required name=search_term_string\"}],\"inLanguage\":\"en-US\"}]}<\/script>\n<!-- \/ Yoast SEO plugin. -->","yoast_head_json":{"title":"Stations - cosmocars.gr","robots":{"index":"index","follow":"follow","max-snippet":"max-snippet:-1","max-image-preview":"max-image-preview:large","max-video-preview":"max-video-preview:-1"},"canonical":"https:\/\/cosmocars.gr\/fr\/stations\/","og_locale":"en_US","og_type":"article","og_title":"Stations - cosmocars.gr","og_description":"Stations \u00c1 easyrent on couvre toute l&#8217;\u00e9ntendue la Cr\u00e8te. C&#8217;est vous qui choisissez la station o\u00f9 vous pouvez \u00eatre servi de l&#8217;aeroport au port ou votre h\u00f4tel. O\u00f9 que vous \u00eates,contactez avec nous et nous viendrons directement. Vous pouvez recevoir ou livrer votre voiture \u00e0 l&#8217;aeroport de la Cann\u00e9 ou H\u00e9raklion et aux tous les [&hellip;]","og_url":"https:\/\/cosmocars.gr\/fr\/stations\/","og_site_name":"cosmocars.gr","article_modified_time":"2023-04-01T09:13:31+00:00","og_image":[{"width":1000,"height":334,"url":"https:\/\/cosmocars.gr\/fr\/wp-content\/uploads\/2014\/09\/crete-map.png","type":"image\/png"}],"twitter_card":"summary_large_image","twitter_misc":{"Est. reading time":"6 minutes"},"schema":{"@context":"https:\/\/schema.org","@graph":[{"@type":"WebPage","@id":"https:\/\/cosmocars.gr\/fr\/stations\/","url":"https:\/\/cosmocars.gr\/fr\/stations\/","name":"Stations - cosmocars.gr","isPartOf":{"@id":"https:\/\/cosmocars.gr\/fr\/#website"},"datePublished":"2014-09-11T17:51:21+00:00","dateModified":"2023-04-01T09:13:31+00:00","breadcrumb":{"@id":"https:\/\/cosmocars.gr\/fr\/stations\/#breadcrumb"},"inLanguage":"en-US","potentialAction":[{"@type":"ReadAction","target":["https:\/\/cosmocars.gr\/fr\/stations\/"]}]},{"@type":"BreadcrumbList","@id":"https:\/\/cosmocars.gr\/fr\/stations\/#breadcrumb","itemListElement":[{"@type":"ListItem","position":1,"name":"Home","item":"https:\/\/cosmocars.gr\/fr\/"},{"@type":"ListItem","position":2,"name":"Stations"}]},{"@type":"WebSite","@id":"https:\/\/cosmocars.gr\/fr\/#website","url":"https:\/\/cosmocars.gr\/fr\/","name":"cosmocars.gr","description":"easyrent - car rental in crete","potentialAction":[{"@type":"SearchAction","target":{"@type":"EntryPoint","urlTemplate":"https:\/\/cosmocars.gr\/fr\/?s={search_term_string}"},"query-input":"required name=search_term_string"}],"inLanguage":"en-US"}]}},"_links":{"self":[{"href":"https:\/\/cosmocars.gr\/fr\/wp-json\/wp\/v2\/pages\/10"}],"collection":[{"href":"https:\/\/cosmocars.gr\/fr\/wp-json\/wp\/v2\/pages"}],"about":[{"href":"https:\/\/cosmocars.gr\/fr\/wp-json\/wp\/v2\/types\/page"}],"author":[{"embeddable":true,"href":"https:\/\/cosmocars.gr\/fr\/wp-json\/wp\/v2\/users\/1"}],"replies":[{"embeddable":true,"href":"https:\/\/cosmocars.gr\/fr\/wp-json\/wp\/v2\/comments?post=10"}],"version-history":[{"count":18,"href":"https:\/\/cosmocars.gr\/fr\/wp-json\/wp\/v2\/pages\/10\/revisions"}],"predecessor-version":[{"id":1646,"href":"https:\/\/cosmocars.gr\/fr\/wp-json\/wp\/v2\/pages\/10\/revisions\/1646"}],"wp:featuredmedia":[{"embeddable":true,"href":"https:\/\/cosmocars.gr\/fr\/wp-json\/wp\/v2\/media\/117"}],"wp:attachment":[{"href":"https:\/\/cosmocars.gr\/fr\/wp-json\/wp\/v2\/media?parent=10"}],"curies":[{"name":"wp","href":"https:\/\/api.w.org\/{rel}","templated":true}]}}