{"id":509,"date":"2014-12-23T17:31:22","date_gmt":"2014-12-23T17:31:22","guid":{"rendered":"http:\/\/cosmocars.gr\/de\/?page_id=509"},"modified":"2015-02-13T23:08:34","modified_gmt":"2015-02-13T23:08:34","slug":"okonomie-okologie","status":"publish","type":"page","link":"https:\/\/cosmocars.gr\/de\/okonomie-okologie\/","title":{"rendered":"\u00d6konomie &#8211; \u00d6kologie"},"content":{"rendered":"<h1>\u00d6konomie &#8211; \u00d6kologie<\/h1>\n<p>&nbsp;<\/p>\n","protected":false},"excerpt":{"rendered":"<p>\u00d6konomie &#8211; \u00d6kologie &nbsp;<\/p>\n","protected":false},"author":1,"featured_media":0,"parent":0,"menu_order":0,"comment_status":"closed","ping_status":"closed","template":"","meta":{"footnotes":""},"yoast_head":"<!-- This site is optimized with the Yoast SEO plugin v21.6 - https:\/\/yoast.com\/wordpress\/plugins\/seo\/ -->\n<title>\u00d6konomie - \u00d6kologie - cosmocars.gr<\/title>\n<meta name=\"robots\" content=\"index, follow, max-snippet:-1, max-image-preview:large, max-video-preview:-1\" \/>\n<link rel=\"canonical\" href=\"https:\/\/cosmocars.gr\/de\/okonomie-okologie\/\" \/>\n<meta property=\"og:locale\" content=\"en_US\" \/>\n<meta property=\"og:type\" content=\"article\" \/>\n<meta property=\"og:title\" content=\"\u00d6konomie - \u00d6kologie - cosmocars.gr\" \/>\n<meta property=\"og:description\" content=\"\u00d6konomie &#8211; \u00d6kologie &nbsp;\" \/>\n<meta property=\"og:url\" content=\"https:\/\/cosmocars.gr\/de\/okonomie-okologie\/\" \/>\n<meta property=\"og:site_name\" content=\"cosmocars.gr\" \/>\n<meta property=\"article:modified_time\" content=\"2015-02-13T23:08:34+00:00\" \/>\n<meta name=\"twitter:card\" content=\"summary_large_image\" \/>\n<script type=\"application\/ld+json\" class=\"yoast-schema-graph\">{\"@context\":\"https:\/\/schema.org\",\"@graph\":[{\"@type\":\"WebPage\",\"@id\":\"https:\/\/cosmocars.gr\/de\/okonomie-okologie\/\",\"url\":\"https:\/\/cosmocars.gr\/de\/okonomie-okologie\/\",\"name\":\"\u00d6konomie - \u00d6kologie - cosmocars.gr\",\"isPartOf\":{\"@id\":\"https:\/\/cosmocars.gr\/de\/#website\"},\"datePublished\":\"2014-12-23T17:31:22+00:00\",\"dateModified\":\"2015-02-13T23:08:34+00:00\",\"breadcrumb\":{\"@id\":\"https:\/\/cosmocars.gr\/de\/okonomie-okologie\/#breadcrumb\"},\"inLanguage\":\"en-US\",\"potentialAction\":[{\"@type\":\"ReadAction\",\"target\":[\"https:\/\/cosmocars.gr\/de\/okonomie-okologie\/\"]}]},{\"@type\":\"BreadcrumbList\",\"@id\":\"https:\/\/cosmocars.gr\/de\/okonomie-okologie\/#breadcrumb\",\"itemListElement\":[{\"@type\":\"ListItem\",\"position\":1,\"name\":\"Home\",\"item\":\"https:\/\/cosmocars.gr\/de\/\"},{\"@type\":\"ListItem\",\"position\":2,\"name\":\"\u00d6konomie &#8211; \u00d6kologie\"}]},{\"@type\":\"WebSite\",\"@id\":\"https:\/\/cosmocars.gr\/de\/#website\",\"url\":\"https:\/\/cosmocars.gr\/de\/\",\"name\":\"cosmocars.gr\",\"description\":\"easyrent - car rental in crete\",\"potentialAction\":[{\"@type\":\"SearchAction\",\"target\":{\"@type\":\"EntryPoint\",\"urlTemplate\":\"https:\/\/cosmocars.gr\/de\/?s={search_term_string}\"},\"query-input\":\"required name=search_term_string\"}],\"inLanguage\":\"en-US\"}]}<\/script>\n<!-- \/ Yoast SEO plugin. -->","yoast_head_json":{"title":"\u00d6konomie - \u00d6kologie - cosmocars.gr","robots":{"index":"index","follow":"follow","max-snippet":"max-snippet:-1","max-image-preview":"max-image-preview:large","max-video-preview":"max-video-preview:-1"},"canonical":"https:\/\/cosmocars.gr\/de\/okonomie-okologie\/","og_locale":"en_US","og_type":"article","og_title":"\u00d6konomie - \u00d6kologie - cosmocars.gr","og_description":"\u00d6konomie &#8211; \u00d6kologie &nbsp;","og_url":"https:\/\/cosmocars.gr\/de\/okonomie-okologie\/","og_site_name":"cosmocars.gr","article_modified_time":"2015-02-13T23:08:34+00:00","twitter_card":"summary_large_image","schema":{"@context":"https:\/\/schema.org","@graph":[{"@type":"WebPage","@id":"https:\/\/cosmocars.gr\/de\/okonomie-okologie\/","url":"https:\/\/cosmocars.gr\/de\/okonomie-okologie\/","name":"\u00d6konomie - \u00d6kologie - cosmocars.gr","isPartOf":{"@id":"https:\/\/cosmocars.gr\/de\/#website"},"datePublished":"2014-12-23T17:31:22+00:00","dateModified":"2015-02-13T23:08:34+00:00","breadcrumb":{"@id":"https:\/\/cosmocars.gr\/de\/okonomie-okologie\/#breadcrumb"},"inLanguage":"en-US","potentialAction":[{"@type":"ReadAction","target":["https:\/\/cosmocars.gr\/de\/okonomie-okologie\/"]}]},{"@type":"BreadcrumbList","@id":"https:\/\/cosmocars.gr\/de\/okonomie-okologie\/#breadcrumb","itemListElement":[{"@type":"ListItem","position":1,"name":"Home","item":"https:\/\/cosmocars.gr\/de\/"},{"@type":"ListItem","position":2,"name":"\u00d6konomie &#8211; \u00d6kologie"}]},{"@type":"WebSite","@id":"https:\/\/cosmocars.gr\/de\/#website","url":"https:\/\/cosmocars.gr\/de\/","name":"cosmocars.gr","description":"easyrent - car rental in crete","potentialAction":[{"@type":"SearchAction","target":{"@type":"EntryPoint","urlTemplate":"https:\/\/cosmocars.gr\/de\/?s={search_term_string}"},"query-input":"required name=search_term_string"}],"inLanguage":"en-US"}]}},"_links":{"self":[{"href":"https:\/\/cosmocars.gr\/de\/wp-json\/wp\/v2\/pages\/509"}],"collection":[{"href":"https:\/\/cosmocars.gr\/de\/wp-json\/wp\/v2\/pages"}],"about":[{"href":"https:\/\/cosmocars.gr\/de\/wp-json\/wp\/v2\/types\/page"}],"author":[{"embeddable":true,"href":"https:\/\/cosmocars.gr\/de\/wp-json\/wp\/v2\/users\/1"}],"replies":[{"embeddable":true,"href":"https:\/\/cosmocars.gr\/de\/wp-json\/wp\/v2\/comments?post=509"}],"version-history":[{"count":9,"href":"https:\/\/cosmocars.gr\/de\/wp-json\/wp\/v2\/pages\/509\/revisions"}],"predecessor-version":[{"id":807,"href":"https:\/\/cosmocars.gr\/de\/wp-json\/wp\/v2\/pages\/509\/revisions\/807"}],"wp:attachment":[{"href":"https:\/\/cosmocars.gr\/de\/wp-json\/wp\/v2\/media?parent=509"}],"curies":[{"name":"wp","href":"https:\/\/api.w.org\/{rel}","templated":true}]}}