{"id":19,"date":"2014-09-11T17:53:39","date_gmt":"2014-09-11T17:53:39","guid":{"rendered":"http:\/\/cosmocars.gr\/de\/?page_id=19"},"modified":"2015-02-13T22:11:46","modified_gmt":"2015-02-13T22:11:46","slug":"allgemeine-bedingungen","status":"publish","type":"page","link":"https:\/\/cosmocars.gr\/de\/allgemeine-bedingungen\/","title":{"rendered":"Allgemeine Bedingungen"},"content":{"rendered":"<h1>Allgemeine Bedingungen<\/h1>\n<p><strong class=\"lezanta\">Die Vollkaskoversicherung erlischt wenn:<\/strong><\/p>\n<ul>\n<li>Der Fahrer unter dem Einfluss von Alkohol oder anderen Substanzen (Drogen, Halluzinogene, usw.) ist<\/li>\n<li>Der Fahrer einen absichtlichen Schaden am Auto (Vandalismus, usw.) \u00a0erstellt<\/li>\n<li>Der Fahrer nicht in den Mietvertrag enthalten ist<\/li>\n<li>Der Mietvertrag abgelaufen ist und das Auto nicht zur\u00fcckgebracht worden ist<\/li>\n<li>Das Auto auf unbefestigte Stra\u03b2en und Str\u00e4nde getrieben wird<\/li>\n<\/ul>\n<h1>Allgemeine Gesch\u00e4ftsbedingungen<\/h1>\n<ul>\n<li>Das Alter des Fahrers sollte ab 21 Jahren sein<\/li>\n<li>Der Fahrer muss einen F\u00fchrerschein besitzen, der mindestens 1 Jahr g\u00fcltig ist<\/li>\n<li>Der Mieter ist verpflichtet das Auto am vorgegebenen Datum und Platz zur\u00fcckzubringen sowie mit der vereinbarten Benzinmenge.<\/li>\n<li>Der Mieter ist verpflichtet das Auto nach Sicherheitsvorschriften und Zuwiderhandlungen im<br \/>\nStra\u03b2enverkehr zu fahren<\/li>\n<li>Easyrent\u2019s Auto kann nur auf \u00f6ffentlichen Stra\u03b2en gefahren werden und nicht auf unbefestigte Stra\u03b2en und an Str\u00e4nde<\/li>\n<li>Nur Personen, die den Mietvertrag mit Easyrent unterzeichnet haben, haben das Recht, das Auto zu fahren<\/li>\n<li>Das Fahrzeug darf nicht f\u00fcr Drittanbieter, Transfer von Personen oder G\u00fctern gegen Geb\u00fchr verwendet werden<\/li>\n<li>Das Fahrzeug kann nicht an Dritte vermietet werden<\/li>\n<li>Andere Fahrzeuge zu schleppen und der Transport von brennbaren Materialien oder illegalen Substanzen ist verboten<\/li>\n<li>Teilnahme an Rennen oder Wettk\u00e4mpfen ist verboten<\/li>\n<li>Das Auto darf nur mit Ausnahmegenehmigung von Easyrent au\u03b2erhalb von Kreta transportiert werden<\/li>\n<li>Verst\u00f6\u03b2e gegen die Strassenverkehrsordnung als auch alle Verwaltungskosten oder Geldstrafen werden ausschlie\u03b2lich vom Mieter bezahlt.<\/li>\n<li>Bei Unfall oder Panne ist der Mieter verplichtet direkt mit dem Telefon-Service von Easyrent in Verbindung zu kommen<\/li>\n<li>Der Mieter ist verplichtet das Auto so zu benutzen , dass es richtig funktioniert und es immer absperrt, wenn es nicht benutzt wird<\/li>\n<li>Im Falle eines verlorenen oder besch\u00e4digten Autoschl\u00fcssels, ist der Mieter verpflichtet, den Preis f\u00fcr einen<\/li>\n<li>Neuen zu zahlen, sowie auch f\u00fcr den Ersatzschl\u00fcssel und das, weil die Schl\u00fcssel unserer Autos einen Code haben<\/li>\n<\/ul>\n","protected":false},"excerpt":{"rendered":"<p>Allgemeine Bedingungen Die Vollkaskoversicherung erlischt wenn: Der Fahrer unter dem Einfluss von Alkohol oder anderen Substanzen (Drogen, Halluzinogene, usw.) ist Der Fahrer einen absichtlichen Schaden am Auto (Vandalismus, usw.) \u00a0erstellt Der Fahrer nicht in den Mietvertrag enthalten ist Der Mietvertrag abgelaufen ist und das Auto nicht zur\u00fcckgebracht worden ist Das Auto auf unbefestigte Stra\u03b2en und [&hellip;]<\/p>\n","protected":false},"author":1,"featured_media":275,"parent":0,"menu_order":0,"comment_status":"closed","ping_status":"closed","template":"","meta":{"footnotes":""},"yoast_head":"<!-- This site is optimized with the Yoast SEO plugin v21.6 - https:\/\/yoast.com\/wordpress\/plugins\/seo\/ -->\n<title>Allgemeine Bedingungen - cosmocars.gr<\/title>\n<meta name=\"robots\" content=\"index, follow, max-snippet:-1, max-image-preview:large, max-video-preview:-1\" \/>\n<link rel=\"canonical\" href=\"https:\/\/cosmocars.gr\/de\/allgemeine-bedingungen\/\" \/>\n<meta property=\"og:locale\" content=\"en_US\" \/>\n<meta property=\"og:type\" content=\"article\" \/>\n<meta property=\"og:title\" content=\"Allgemeine Bedingungen - cosmocars.gr\" \/>\n<meta property=\"og:description\" content=\"Allgemeine Bedingungen Die Vollkaskoversicherung erlischt wenn: Der Fahrer unter dem Einfluss von Alkohol oder anderen Substanzen (Drogen, Halluzinogene, usw.) ist Der Fahrer einen absichtlichen Schaden am Auto (Vandalismus, usw.) \u00a0erstellt Der Fahrer nicht in den Mietvertrag enthalten ist Der Mietvertrag abgelaufen ist und das Auto nicht zur\u00fcckgebracht worden ist Das Auto auf unbefestigte Stra\u03b2en und [&hellip;]\" \/>\n<meta property=\"og:url\" content=\"https:\/\/cosmocars.gr\/de\/allgemeine-bedingungen\/\" \/>\n<meta property=\"og:site_name\" content=\"cosmocars.gr\" \/>\n<meta property=\"article:modified_time\" content=\"2015-02-13T22:11:46+00:00\" \/>\n<meta property=\"og:image\" content=\"https:\/\/cosmocars.gr\/de\/wp-content\/uploads\/2014\/09\/safe-driving33.jpg\" \/>\n\t<meta property=\"og:image:width\" content=\"1000\" \/>\n\t<meta property=\"og:image:height\" content=\"334\" \/>\n\t<meta property=\"og:image:type\" content=\"image\/jpeg\" \/>\n<meta name=\"twitter:card\" content=\"summary_large_image\" \/>\n<meta name=\"twitter:label1\" content=\"Est. reading time\" \/>\n\t<meta name=\"twitter:data1\" content=\"2 minutes\" \/>\n<script type=\"application\/ld+json\" class=\"yoast-schema-graph\">{\"@context\":\"https:\/\/schema.org\",\"@graph\":[{\"@type\":\"WebPage\",\"@id\":\"https:\/\/cosmocars.gr\/de\/allgemeine-bedingungen\/\",\"url\":\"https:\/\/cosmocars.gr\/de\/allgemeine-bedingungen\/\",\"name\":\"Allgemeine Bedingungen - cosmocars.gr\",\"isPartOf\":{\"@id\":\"https:\/\/cosmocars.gr\/de\/#website\"},\"datePublished\":\"2014-09-11T17:53:39+00:00\",\"dateModified\":\"2015-02-13T22:11:46+00:00\",\"breadcrumb\":{\"@id\":\"https:\/\/cosmocars.gr\/de\/allgemeine-bedingungen\/#breadcrumb\"},\"inLanguage\":\"en-US\",\"potentialAction\":[{\"@type\":\"ReadAction\",\"target\":[\"https:\/\/cosmocars.gr\/de\/allgemeine-bedingungen\/\"]}]},{\"@type\":\"BreadcrumbList\",\"@id\":\"https:\/\/cosmocars.gr\/de\/allgemeine-bedingungen\/#breadcrumb\",\"itemListElement\":[{\"@type\":\"ListItem\",\"position\":1,\"name\":\"Home\",\"item\":\"https:\/\/cosmocars.gr\/de\/\"},{\"@type\":\"ListItem\",\"position\":2,\"name\":\"Allgemeine Bedingungen\"}]},{\"@type\":\"WebSite\",\"@id\":\"https:\/\/cosmocars.gr\/de\/#website\",\"url\":\"https:\/\/cosmocars.gr\/de\/\",\"name\":\"cosmocars.gr\",\"description\":\"easyrent - car rental in crete\",\"potentialAction\":[{\"@type\":\"SearchAction\",\"target\":{\"@type\":\"EntryPoint\",\"urlTemplate\":\"https:\/\/cosmocars.gr\/de\/?s={search_term_string}\"},\"query-input\":\"required name=search_term_string\"}],\"inLanguage\":\"en-US\"}]}<\/script>\n<!-- \/ Yoast SEO plugin. -->","yoast_head_json":{"title":"Allgemeine Bedingungen - cosmocars.gr","robots":{"index":"index","follow":"follow","max-snippet":"max-snippet:-1","max-image-preview":"max-image-preview:large","max-video-preview":"max-video-preview:-1"},"canonical":"https:\/\/cosmocars.gr\/de\/allgemeine-bedingungen\/","og_locale":"en_US","og_type":"article","og_title":"Allgemeine Bedingungen - cosmocars.gr","og_description":"Allgemeine Bedingungen Die Vollkaskoversicherung erlischt wenn: Der Fahrer unter dem Einfluss von Alkohol oder anderen Substanzen (Drogen, Halluzinogene, usw.) ist Der Fahrer einen absichtlichen Schaden am Auto (Vandalismus, usw.) \u00a0erstellt Der Fahrer nicht in den Mietvertrag enthalten ist Der Mietvertrag abgelaufen ist und das Auto nicht zur\u00fcckgebracht worden ist Das Auto auf unbefestigte Stra\u03b2en und [&hellip;]","og_url":"https:\/\/cosmocars.gr\/de\/allgemeine-bedingungen\/","og_site_name":"cosmocars.gr","article_modified_time":"2015-02-13T22:11:46+00:00","og_image":[{"width":1000,"height":334,"url":"https:\/\/cosmocars.gr\/de\/wp-content\/uploads\/2014\/09\/safe-driving33.jpg","type":"image\/jpeg"}],"twitter_card":"summary_large_image","twitter_misc":{"Est. reading time":"2 minutes"},"schema":{"@context":"https:\/\/schema.org","@graph":[{"@type":"WebPage","@id":"https:\/\/cosmocars.gr\/de\/allgemeine-bedingungen\/","url":"https:\/\/cosmocars.gr\/de\/allgemeine-bedingungen\/","name":"Allgemeine Bedingungen - cosmocars.gr","isPartOf":{"@id":"https:\/\/cosmocars.gr\/de\/#website"},"datePublished":"2014-09-11T17:53:39+00:00","dateModified":"2015-02-13T22:11:46+00:00","breadcrumb":{"@id":"https:\/\/cosmocars.gr\/de\/allgemeine-bedingungen\/#breadcrumb"},"inLanguage":"en-US","potentialAction":[{"@type":"ReadAction","target":["https:\/\/cosmocars.gr\/de\/allgemeine-bedingungen\/"]}]},{"@type":"BreadcrumbList","@id":"https:\/\/cosmocars.gr\/de\/allgemeine-bedingungen\/#breadcrumb","itemListElement":[{"@type":"ListItem","position":1,"name":"Home","item":"https:\/\/cosmocars.gr\/de\/"},{"@type":"ListItem","position":2,"name":"Allgemeine Bedingungen"}]},{"@type":"WebSite","@id":"https:\/\/cosmocars.gr\/de\/#website","url":"https:\/\/cosmocars.gr\/de\/","name":"cosmocars.gr","description":"easyrent - car rental in crete","potentialAction":[{"@type":"SearchAction","target":{"@type":"EntryPoint","urlTemplate":"https:\/\/cosmocars.gr\/de\/?s={search_term_string}"},"query-input":"required name=search_term_string"}],"inLanguage":"en-US"}]}},"_links":{"self":[{"href":"https:\/\/cosmocars.gr\/de\/wp-json\/wp\/v2\/pages\/19"}],"collection":[{"href":"https:\/\/cosmocars.gr\/de\/wp-json\/wp\/v2\/pages"}],"about":[{"href":"https:\/\/cosmocars.gr\/de\/wp-json\/wp\/v2\/types\/page"}],"author":[{"embeddable":true,"href":"https:\/\/cosmocars.gr\/de\/wp-json\/wp\/v2\/users\/1"}],"replies":[{"embeddable":true,"href":"https:\/\/cosmocars.gr\/de\/wp-json\/wp\/v2\/comments?post=19"}],"version-history":[{"count":27,"href":"https:\/\/cosmocars.gr\/de\/wp-json\/wp\/v2\/pages\/19\/revisions"}],"predecessor-version":[{"id":798,"href":"https:\/\/cosmocars.gr\/de\/wp-json\/wp\/v2\/pages\/19\/revisions\/798"}],"wp:featuredmedia":[{"embeddable":true,"href":"https:\/\/cosmocars.gr\/de\/wp-json\/wp\/v2\/media\/275"}],"wp:attachment":[{"href":"https:\/\/cosmocars.gr\/de\/wp-json\/wp\/v2\/media?parent=19"}],"curies":[{"name":"wp","href":"https:\/\/api.w.org\/{rel}","templated":true}]}}