{"id":17,"date":"2014-09-11T17:52:54","date_gmt":"2014-09-11T17:52:54","guid":{"rendered":"http:\/\/cosmocars.gr\/de\/?page_id=17"},"modified":"2020-11-10T09:22:15","modified_gmt":"2020-11-10T09:22:15","slug":"versicherung","status":"publish","type":"page","link":"https:\/\/cosmocars.gr\/de\/versicherung\/","title":{"rendered":"Versicherung"},"content":{"rendered":"<h1>Versicherung<\/h1>\n<p><strong class=\"lezanta\">Reisen Sie sicher auf der ganzen <a href=\"http:\/\/de.wikipedia.org\/wiki\/Kreta\" target=\"_blank\" rel=\"noopener noreferrer\">Kreta Insel<\/a>.<br \/>\nAlle Fahrzeuge von Easyrent sind voll versichert und erf\u00fcllen alle Sicherheitsstandarts<\/strong><\/p>\n<p><strong>Im Mietpreis sind inbegriffen<\/strong><\/p>\n<h2><span style=\"font-size: 18px;\">Mietwagen Kreta Heraklion!<\/span><\/h2>\n<ul>\n<li>Vollkasko Versicherung ohne Selbstbeteiligung, Haftung des Kunden auf NULL Euro beschr\u00e4nkt.<\/li>\n<li>Deckt alle Sch\u00e4den, die an dem gemieteten Fahrzeug verursacht werden k\u00f6nnen<\/li>\n<li>Versicherung f\u00fcr Personensch\u00e4den an Dritte Personen pro Opfer auf 1.220.000 Euro<\/li>\n<li>Versicherung f\u00fcr Sch\u00e4den an Dritte pro Schadensfall bis zu 1.220.000 Euro<\/li>\n<li>Diebstahlversicherung<\/li>\n<li>Brandschutz<\/li>\n<li>Glasbruchversicherung<\/li>\n<li>Insassenschutz mit Abdeckung bis zu\u00a01.220.000 Euro<\/li>\n<li>Sicherheit des Fahrers bis zu 15.000 Euro<\/li>\n<li>Versicherung f\u00fcr Reifen und den Unterboden des Autos<\/li>\n<li>Fahrer und Insassen Versicherung<\/li>\n<li>Pannenhilfen Strassenservice rund um die Uhr auf der gesamten Fl\u00e4che von Kreta<\/li>\n<\/ul>\n<p>In besonderen F\u00e4llen, wo der Mieter die Bediengungen des Vetrages und\/oder das Gesetz verletzt, deckt die Versicherung Seinen Mietwagen nicht ab.<\/p>\n<p>Finden Sie detailliertere Abschnitt <a href=\"http:\/\/cosmocars.gr\/de\/allgemeine-bedingungen\/\">\u201cAllgemeinen Bedingungen\u201d<\/a>.<\/p>\n<h3><span style=\"font-size: 16px;\">Mietwagen Kreta Heraklion, Chania und Rethymno Flughafen!<\/span><\/h3>\n","protected":false},"excerpt":{"rendered":"<p>Versicherung Reisen Sie sicher auf der ganzen Kreta Insel. Alle Fahrzeuge von Easyrent sind voll versichert und erf\u00fcllen alle Sicherheitsstandarts Im Mietpreis sind inbegriffen Mietwagen Kreta Heraklion! Vollkasko Versicherung ohne Selbstbeteiligung, Haftung des Kunden auf NULL Euro beschr\u00e4nkt. Deckt alle Sch\u00e4den, die an dem gemieteten Fahrzeug verursacht werden k\u00f6nnen Versicherung f\u00fcr Personensch\u00e4den an Dritte Personen [&hellip;]<\/p>\n","protected":false},"author":1,"featured_media":259,"parent":0,"menu_order":0,"comment_status":"closed","ping_status":"closed","template":"","meta":{"footnotes":""},"yoast_head":"<!-- This site is optimized with the Yoast SEO plugin v21.6 - https:\/\/yoast.com\/wordpress\/plugins\/seo\/ -->\n<title>Mietwagen Kreta Heraklion, Chania - Versicherung | Easyrent<\/title>\n<meta name=\"description\" content=\"G\u00fcnstige Mietwagen Kreta Heraklion, Chania und Rethymno Flughafen! Unsere Fahrzeuge sind voll versichert und erf\u00fcllen alle Sicherheitsstandarts.\" \/>\n<meta name=\"robots\" content=\"index, follow, max-snippet:-1, max-image-preview:large, max-video-preview:-1\" \/>\n<link rel=\"canonical\" href=\"https:\/\/cosmocars.gr\/de\/versicherung\/\" \/>\n<meta property=\"og:locale\" content=\"en_US\" \/>\n<meta property=\"og:type\" content=\"article\" \/>\n<meta property=\"og:title\" content=\"Mietwagen Kreta Heraklion, Chania - Versicherung | Easyrent\" \/>\n<meta property=\"og:description\" content=\"G\u00fcnstige Mietwagen Kreta Heraklion, Chania und Rethymno Flughafen! Unsere Fahrzeuge sind voll versichert und erf\u00fcllen alle Sicherheitsstandarts.\" \/>\n<meta property=\"og:url\" content=\"https:\/\/cosmocars.gr\/de\/versicherung\/\" \/>\n<meta property=\"og:site_name\" content=\"cosmocars.gr\" \/>\n<meta property=\"article:modified_time\" content=\"2020-11-10T09:22:15+00:00\" \/>\n<meta property=\"og:image\" content=\"https:\/\/cosmocars.gr\/de\/wp-content\/uploads\/2014\/09\/top-asfaleia22.jpg\" \/>\n\t<meta property=\"og:image:width\" content=\"1500\" \/>\n\t<meta property=\"og:image:height\" content=\"250\" \/>\n\t<meta property=\"og:image:type\" content=\"image\/jpeg\" \/>\n<meta name=\"twitter:card\" content=\"summary_large_image\" \/>\n<meta name=\"twitter:label1\" content=\"Est. reading time\" \/>\n\t<meta name=\"twitter:data1\" content=\"1 minute\" \/>\n<script type=\"application\/ld+json\" class=\"yoast-schema-graph\">{\"@context\":\"https:\/\/schema.org\",\"@graph\":[{\"@type\":\"WebPage\",\"@id\":\"https:\/\/cosmocars.gr\/de\/versicherung\/\",\"url\":\"https:\/\/cosmocars.gr\/de\/versicherung\/\",\"name\":\"Mietwagen Kreta Heraklion, Chania - Versicherung | Easyrent\",\"isPartOf\":{\"@id\":\"https:\/\/cosmocars.gr\/de\/#website\"},\"datePublished\":\"2014-09-11T17:52:54+00:00\",\"dateModified\":\"2020-11-10T09:22:15+00:00\",\"description\":\"G\u00fcnstige Mietwagen Kreta Heraklion, Chania und Rethymno Flughafen! Unsere Fahrzeuge sind voll versichert und erf\u00fcllen alle Sicherheitsstandarts.\",\"breadcrumb\":{\"@id\":\"https:\/\/cosmocars.gr\/de\/versicherung\/#breadcrumb\"},\"inLanguage\":\"en-US\",\"potentialAction\":[{\"@type\":\"ReadAction\",\"target\":[\"https:\/\/cosmocars.gr\/de\/versicherung\/\"]}]},{\"@type\":\"BreadcrumbList\",\"@id\":\"https:\/\/cosmocars.gr\/de\/versicherung\/#breadcrumb\",\"itemListElement\":[{\"@type\":\"ListItem\",\"position\":1,\"name\":\"Home\",\"item\":\"https:\/\/cosmocars.gr\/de\/\"},{\"@type\":\"ListItem\",\"position\":2,\"name\":\"Versicherung\"}]},{\"@type\":\"WebSite\",\"@id\":\"https:\/\/cosmocars.gr\/de\/#website\",\"url\":\"https:\/\/cosmocars.gr\/de\/\",\"name\":\"cosmocars.gr\",\"description\":\"easyrent - car rental in crete\",\"potentialAction\":[{\"@type\":\"SearchAction\",\"target\":{\"@type\":\"EntryPoint\",\"urlTemplate\":\"https:\/\/cosmocars.gr\/de\/?s={search_term_string}\"},\"query-input\":\"required name=search_term_string\"}],\"inLanguage\":\"en-US\"}]}<\/script>\n<!-- \/ Yoast SEO plugin. -->","yoast_head_json":{"title":"Mietwagen Kreta Heraklion, Chania - Versicherung | Easyrent","description":"G\u00fcnstige Mietwagen Kreta Heraklion, Chania und Rethymno Flughafen! Unsere Fahrzeuge sind voll versichert und erf\u00fcllen alle Sicherheitsstandarts.","robots":{"index":"index","follow":"follow","max-snippet":"max-snippet:-1","max-image-preview":"max-image-preview:large","max-video-preview":"max-video-preview:-1"},"canonical":"https:\/\/cosmocars.gr\/de\/versicherung\/","og_locale":"en_US","og_type":"article","og_title":"Mietwagen Kreta Heraklion, Chania - Versicherung | Easyrent","og_description":"G\u00fcnstige Mietwagen Kreta Heraklion, Chania und Rethymno Flughafen! Unsere Fahrzeuge sind voll versichert und erf\u00fcllen alle Sicherheitsstandarts.","og_url":"https:\/\/cosmocars.gr\/de\/versicherung\/","og_site_name":"cosmocars.gr","article_modified_time":"2020-11-10T09:22:15+00:00","og_image":[{"width":1500,"height":250,"url":"https:\/\/cosmocars.gr\/de\/wp-content\/uploads\/2014\/09\/top-asfaleia22.jpg","type":"image\/jpeg"}],"twitter_card":"summary_large_image","twitter_misc":{"Est. reading time":"1 minute"},"schema":{"@context":"https:\/\/schema.org","@graph":[{"@type":"WebPage","@id":"https:\/\/cosmocars.gr\/de\/versicherung\/","url":"https:\/\/cosmocars.gr\/de\/versicherung\/","name":"Mietwagen Kreta Heraklion, Chania - Versicherung | Easyrent","isPartOf":{"@id":"https:\/\/cosmocars.gr\/de\/#website"},"datePublished":"2014-09-11T17:52:54+00:00","dateModified":"2020-11-10T09:22:15+00:00","description":"G\u00fcnstige Mietwagen Kreta Heraklion, Chania und Rethymno Flughafen! Unsere Fahrzeuge sind voll versichert und erf\u00fcllen alle Sicherheitsstandarts.","breadcrumb":{"@id":"https:\/\/cosmocars.gr\/de\/versicherung\/#breadcrumb"},"inLanguage":"en-US","potentialAction":[{"@type":"ReadAction","target":["https:\/\/cosmocars.gr\/de\/versicherung\/"]}]},{"@type":"BreadcrumbList","@id":"https:\/\/cosmocars.gr\/de\/versicherung\/#breadcrumb","itemListElement":[{"@type":"ListItem","position":1,"name":"Home","item":"https:\/\/cosmocars.gr\/de\/"},{"@type":"ListItem","position":2,"name":"Versicherung"}]},{"@type":"WebSite","@id":"https:\/\/cosmocars.gr\/de\/#website","url":"https:\/\/cosmocars.gr\/de\/","name":"cosmocars.gr","description":"easyrent - car rental in crete","potentialAction":[{"@type":"SearchAction","target":{"@type":"EntryPoint","urlTemplate":"https:\/\/cosmocars.gr\/de\/?s={search_term_string}"},"query-input":"required name=search_term_string"}],"inLanguage":"en-US"}]}},"_links":{"self":[{"href":"https:\/\/cosmocars.gr\/de\/wp-json\/wp\/v2\/pages\/17"}],"collection":[{"href":"https:\/\/cosmocars.gr\/de\/wp-json\/wp\/v2\/pages"}],"about":[{"href":"https:\/\/cosmocars.gr\/de\/wp-json\/wp\/v2\/types\/page"}],"author":[{"embeddable":true,"href":"https:\/\/cosmocars.gr\/de\/wp-json\/wp\/v2\/users\/1"}],"replies":[{"embeddable":true,"href":"https:\/\/cosmocars.gr\/de\/wp-json\/wp\/v2\/comments?post=17"}],"version-history":[{"count":14,"href":"https:\/\/cosmocars.gr\/de\/wp-json\/wp\/v2\/pages\/17\/revisions"}],"predecessor-version":[{"id":1168,"href":"https:\/\/cosmocars.gr\/de\/wp-json\/wp\/v2\/pages\/17\/revisions\/1168"}],"wp:featuredmedia":[{"embeddable":true,"href":"https:\/\/cosmocars.gr\/de\/wp-json\/wp\/v2\/media\/259"}],"wp:attachment":[{"href":"https:\/\/cosmocars.gr\/de\/wp-json\/wp\/v2\/media?parent=17"}],"curies":[{"name":"wp","href":"https:\/\/api.w.org\/{rel}","templated":true}]}}