{"id":10,"date":"2014-09-11T17:51:21","date_gmt":"2014-09-11T17:51:21","guid":{"rendered":"http:\/\/cosmocars.gr\/de\/?page_id=10"},"modified":"2023-04-01T09:19:17","modified_gmt":"2023-04-01T09:19:17","slug":"stationen","status":"publish","type":"page","link":"https:\/\/cosmocars.gr\/de\/stationen\/","title":{"rendered":"Stationen"},"content":{"rendered":"<h1>Stationen<\/h1>\n<p><strong class=\"lezanta\">Easyrent deckt den gesamten Bereich von Kreta<\/strong><\/p>\n<h2 style=\"text-align: left;\"><span style=\"font-size: 18px;\">Mietwagen Kreta Heraklion Flughafen, Chania und Rethymnon<\/span><\/h2>\n<p><strong>W\u00e4hlen Sie die Stationen, die Ihnen passen (Flughafen, Hafen oder Hotel). <\/strong><br \/>\n<strong>Wo immer Sie sind, bitte kontaktieren Sie uns und wir melden uns sofort zur\u00fcck.<\/strong><\/p>\n<p>Sie k\u00f6nnen Ihr Auto am <a href=\"http:\/\/de.wikipedia.org\/wiki\/Flughafen_Chania\" target=\"_blank\" rel=\"noopener noreferrer\">Flughafen von Chania<\/a> oder <a href=\"http:\/\/de.wikipedia.org\/wiki\/Flughafen_Iraklio\" target=\"_blank\" rel=\"noopener noreferrer\">Heraklion<\/a> abholen und zur\u00fcckliefern, sowie auch an allen H\u00e4fen der Insel.<\/p>\n<p>Nachdem Sie uns die erforderliche Informationen, Ihre Flugnummer oder den Namen des Schiffes, das Datum, die Zeit, usw. senden, wird der Angestellte von Easyrent am Ausgang auf Sie warten.<\/p>\n<p>Au\u03b2erdem haben Sie die Moglichkeit das Auto bei Ihrem Hotel zu bekommen und zur\u00fcckzuliefern oder wo immer Sie auch wollen, auf Anfrage bei uns.<\/p>\n<p>&nbsp;<\/p>\n<p>Wenn Sie einen Besuch auf Kreta planen, sollten Sie ein Auto bei EasyRent Cosmocars mieten. Wettbewerbsf\u00e4hige Preise, exzellenter Kundenservice und g\u00fcnstige Standorte machen EasyRent Cosmocars zur perfekten Wahl f\u00fcr Ihre Reisebed\u00fcrfnisse. Kreta ist eine wundersch\u00f6ne Insel mit atemberaubenden Landschaften und verborgenen Sch\u00e4tzen, die es zu entdecken gilt. Ein Auto zu mieten ist der beste Weg, um die Insel zu erkunden und alles zu erleben, was sie zu bieten hat. EasyRent Cosmocars ist ein zuverl\u00e4ssiger Mietwagenservice auf Kreta mit Stationen auf der ganzen Insel, darunter der Flughafen Chania Kreta, der Flughafen Heraklion Kreta und Rethymno.<br \/>\nNachfolgend finden Sie die Vorteile der Anmietung eines Autos von EasyRent Cosmocars an diesen Stationen und wie sie Ihren Besuch auf Kreta angenehmer gestalten k\u00f6nnen.<\/p>\n<h3>Warum EasyRent Cosmocars w\u00e4hlen:<\/h3>\n<p>EasyRent Cosmocars ist eine vertrauensw\u00fcrdige Autovermietung auf Kreta, die f\u00fcr ihren exzellenten Kundenservice und wettbewerbsf\u00e4hige Preise bekannt ist. Ihre Fahrzeugflotte ist gut gepflegt und umfasst Autos verschiedener Gr\u00f6\u00dfen und Typen, die f\u00fcr alle Arten von Reisebed\u00fcrfnissen geeignet sind. Einer der Hauptvorteile bei der Wahl von EasyRent Cosmocars ist das Serviceangebot, das viele verschiedene Teile der Insel abdeckt. Das bedeutet, dass Sie Ihren Mietwagen an einem f\u00fcr Sie bequemen Ort abholen und zur\u00fcckgeben k\u00f6nnen, egal ob Sie am Flughafen Chania auf Kreta, Heraklion auf Kreta oder in Rethymno ankommen.<\/p>\n<p><strong>Autovermietung am Flughafen Chania Kreta:<\/strong><br \/>\nDer Flughafen Chania Kreta ist einer der verkehrsreichsten Flugh\u00e4fen auf Kreta, mit Tausenden von Besuchern, die jedes Jahr ankommen. Ein Auto von EasyRent Cosmocars am Flughafen Chania Kreta zu mieten ist eine praktische Option, mit der Sie Ihre Reise rund um Kreta gleich nach Ihrer Ankunft beginnen k\u00f6nnen.<br \/>\nEasyRent Cosmocars bietet einen kostenlosen Service vom Flughafen und zur\u00fcck, wo Sie Ihren Mietwagen abholen k\u00f6nnen. Sie k\u00f6nnen Ihr Auto jeden Tag rund um die Uhr am Flughafen Chania auf Kreta ausliefern, sodass Sie zu jeder Tages- und Nachtzeit ein Auto mieten k\u00f6nnen.<\/p>\n<p><strong>Autovermietung am Flughafen Heraklion oder Heraklion Kreta:<\/strong><br \/>\nHeraklion ist die gr\u00f6\u00dfte Stadt Kretas und liegt im zentralen Teil der Insel. Es ist ein beliebtes Touristenziel mit vielen historischen St\u00e4tten und Museen, die es zu erkunden gilt. Wenn Sie ein Auto bei EasyRent Cosmocars in Heraklion mieten, k\u00f6nnen Sie bequem durch die Stadt reisen und ihre verborgenen Sch\u00e4tze entdecken. EasyRent Cosmocars bedient Sie auch in Heraklion und nat\u00fcrlich am Flughafen Heraklion Kreta jeden Tag rund um die Uhr, sodass Sie zu jeder Tages- und Nachtzeit ein Auto mieten k\u00f6nnen, was es f\u00fcr die meisten Besucher bequem macht, ein Auto zu mieten.<\/p>\n<p><strong>Autovermietung in Rethymno:<\/strong><br \/>\nRethymno ist eine charmante Stadt an der Nordk\u00fcste Kretas, die f\u00fcr ihre malerische Altstadt und ihre langen Sandstr\u00e4nde bekannt ist. Es ist auch der Standort des Hauptsitzes und des Hauptbahnhofs von EasyRent Cosmocars auf Kreta. Wenn Sie ein Auto bei EasyRent Cosmocars in Rethymno mieten, k\u00f6nnen Sie die Stadt und die nahe gelegenen Sehensw\u00fcrdigkeiten in Ihrem eigenen Tempo erkunden. Ihre Station liegt g\u00fcnstig in der Stadt und sie bieten \u00fcberall auf der Insel eine kostenlose Lieferung und Abholung von Mietwagen an.<\/p>\n<h3>Von EasyRent Cosmocars angebotene Dienstleistungen:<\/h3>\n<p>EasyRent Cosmocars bietet eine Reihe von Dienstleistungen an, um Ihre Autovermietung auf Kreta komfortabler und stressfreier zu gestalten. Hier sind einige der wichtigsten Dienstleistungen, die sie anbieten:<\/p>\n<p><strong>Kostenloser 24\/7-Service:<\/strong><br \/>\nWenn Sie ein Auto bei EasyRent Cosmocars am Flughafen Chania Kreta oder am Flughafen Heraklion Kreta mieten, bieten sie einen kostenlosen 24\/7-Service direkt am Flughafen an.<\/p>\n<p><strong>Unbegrenzte Kilometer:<\/strong><br \/>\nMit EasyRent Cosmocars genie\u00dfen Sie unbegrenzte Kilometer mit Ihrem Mietwagen, sodass Sie die Insel erkunden k\u00f6nnen, ohne sich Gedanken \u00fcber zus\u00e4tzliche Kosten machen zu m\u00fcssen.<\/p>\n<p><strong>Kindersitze:<\/strong><br \/>\nWenn Sie mit kleinen Kindern reisen, kann EasyRent Cosmocars kostenlos Kindersitze zur Verf\u00fcgung stellen, um deren Sicherheit und Komfort zu gew\u00e4hrleisten.<\/p>\n<p><strong>GPS Navigation:<\/strong><br \/>\nEasyRent Cosmocars bietet mit seinen Mietwagen GPS-Navigationssysteme an, damit Sie sich auf Kreta leicht zurechtfinden.<\/p>\n<p><strong>Pannenhilfe rund um die Uhr:<\/strong><br \/>\nF\u00fcr den unwahrscheinlichen Fall, dass Sie Probleme mit Ihrem Mietwagen haben, bietet EasyRent Cosmocars rund um die Uhr Pannenhilfe, um sicherzustellen, dass Sie immer sicher und gesch\u00fctzt sind.<\/p>\n<p><strong>Versicherung:<\/strong><br \/>\nEasyRent Cosmocars beinhaltet einen vollst\u00e4ndigen Versicherungsschutz f\u00fcr alle Mietwagen, und Sie k\u00f6nnen auch einen zus\u00e4tzlichen Versicherungsschutz f\u00fcr zus\u00e4tzliche Sicherheit erwerben.<\/p>\n<p><strong>Einfache Buchung:<\/strong><br \/>\nDie Buchung eines Mietwagens bei EasyRent Cosmocars ist einfach und unkompliziert. Sie k\u00f6nnen eine Reservierung online oder telefonisch vornehmen, und die Mitarbeiter geben Ihnen alle Informationen, die Sie ben\u00f6tigen, um Ihren Mietwagen am Ort Ihrer Wahl abzuholen.<br \/>\nEin Auto zu mieten ist der beste Weg, um die wundersch\u00f6ne Insel Kreta zu erkunden und ihre verborgenen Sch\u00e4tze zu entdecken. EasyRent Cosmocars ist eine zuverl\u00e4ssige und vertrauensw\u00fcrdige Autovermietung auf Kreta mit mehreren Servicestationen auf der ganzen Insel, darunter der Flughafen Chania Kreta, der Flughafen Heraklion Kreta und Rethymno. Ihre Flotte gut gewarteter Mietwagen und ihr exzellenter Kundenservice machen sie zur ersten Wahl f\u00fcr Kreta-Besucher.<\/p>\n<p>Wenn Sie ein Auto bei EasyRent Cosmocars mieten, k\u00f6nnen Sie die Insel in Ihrem eigenen Tempo erkunden, ohne sich Gedanken \u00fcber die \u00f6ffentlichen Verkehrsmittel machen zu m\u00fcssen. Mit ihren zahlreichen Servicestationen k\u00f6nnen Sie Ihren Mietwagen bequem an einem Ort abholen und zur\u00fcckgeben, der f\u00fcr Sie am bequemsten ist.<\/p>\n<p><strong>Wenn Sie einen Besuch auf Kreta planen, sollten Sie ein Auto bei EasyRent Cosmocars mieten. Wettbewerbsf\u00e4hige Preise, exzellenter Kundenservice und g\u00fcnstige Standorte machen EasyRent Cosmocars zur perfekten Wahl f\u00fcr Ihre Reisebed\u00fcrfnisse.<\/strong><\/p>\n<h3><span style=\"color: #339966;\"><strong><span style=\"font-size: 16px;\">Mietwagen Kreta Heraklion Flughafen<\/span><\/strong><strong style=\"font-size: 16px; line-height: 1.5;\">!<\/strong><\/span><\/h3>\n","protected":false},"excerpt":{"rendered":"<p>Stationen Easyrent deckt den gesamten Bereich von Kreta Mietwagen Kreta Heraklion Flughafen, Chania und Rethymnon W\u00e4hlen Sie die Stationen, die Ihnen passen (Flughafen, Hafen oder Hotel). Wo immer Sie sind, bitte kontaktieren Sie uns und wir melden uns sofort zur\u00fcck. Sie k\u00f6nnen Ihr Auto am Flughafen von Chania oder Heraklion abholen und zur\u00fcckliefern, sowie auch [&hellip;]<\/p>\n","protected":false},"author":1,"featured_media":117,"parent":0,"menu_order":0,"comment_status":"closed","ping_status":"closed","template":"","meta":{"footnotes":""},"yoast_head":"<!-- This site is optimized with the Yoast SEO plugin v21.6 - https:\/\/yoast.com\/wordpress\/plugins\/seo\/ -->\n<title>Mietwagen Kreta Heraklion Flughafen - Stationen | Easyrent<\/title>\n<meta name=\"description\" content=\"Erschwingliche Mietwagen Kreta Heraklion Flughafen, Cania und Rethymno von Easyrent! Mietwagen f\u00fcr Hotels, H\u00e4fen, Flughafen-Transfers!\" \/>\n<meta name=\"robots\" content=\"index, follow, max-snippet:-1, max-image-preview:large, max-video-preview:-1\" \/>\n<link rel=\"canonical\" href=\"https:\/\/cosmocars.gr\/de\/stationen\/\" \/>\n<meta property=\"og:locale\" content=\"en_US\" \/>\n<meta property=\"og:type\" content=\"article\" \/>\n<meta property=\"og:title\" content=\"Mietwagen Kreta Heraklion Flughafen - Stationen | Easyrent\" \/>\n<meta property=\"og:description\" content=\"Erschwingliche Mietwagen Kreta Heraklion Flughafen, Cania und Rethymno von Easyrent! Mietwagen f\u00fcr Hotels, H\u00e4fen, Flughafen-Transfers!\" \/>\n<meta property=\"og:url\" content=\"https:\/\/cosmocars.gr\/de\/stationen\/\" \/>\n<meta property=\"og:site_name\" content=\"cosmocars.gr\" \/>\n<meta property=\"article:modified_time\" content=\"2023-04-01T09:19:17+00:00\" \/>\n<meta property=\"og:image\" content=\"https:\/\/cosmocars.gr\/de\/wp-content\/uploads\/2014\/09\/crete-map.png\" \/>\n\t<meta property=\"og:image:width\" content=\"1000\" \/>\n\t<meta property=\"og:image:height\" content=\"334\" \/>\n\t<meta property=\"og:image:type\" content=\"image\/png\" \/>\n<meta name=\"twitter:card\" content=\"summary_large_image\" \/>\n<meta name=\"twitter:label1\" content=\"Est. reading time\" \/>\n\t<meta name=\"twitter:data1\" content=\"5 minutes\" \/>\n<script type=\"application\/ld+json\" class=\"yoast-schema-graph\">{\"@context\":\"https:\/\/schema.org\",\"@graph\":[{\"@type\":\"WebPage\",\"@id\":\"https:\/\/cosmocars.gr\/de\/stationen\/\",\"url\":\"https:\/\/cosmocars.gr\/de\/stationen\/\",\"name\":\"Mietwagen Kreta Heraklion Flughafen - Stationen | Easyrent\",\"isPartOf\":{\"@id\":\"https:\/\/cosmocars.gr\/de\/#website\"},\"datePublished\":\"2014-09-11T17:51:21+00:00\",\"dateModified\":\"2023-04-01T09:19:17+00:00\",\"description\":\"Erschwingliche Mietwagen Kreta Heraklion Flughafen, Cania und Rethymno von Easyrent! Mietwagen f\u00fcr Hotels, H\u00e4fen, Flughafen-Transfers!\",\"breadcrumb\":{\"@id\":\"https:\/\/cosmocars.gr\/de\/stationen\/#breadcrumb\"},\"inLanguage\":\"en-US\",\"potentialAction\":[{\"@type\":\"ReadAction\",\"target\":[\"https:\/\/cosmocars.gr\/de\/stationen\/\"]}]},{\"@type\":\"BreadcrumbList\",\"@id\":\"https:\/\/cosmocars.gr\/de\/stationen\/#breadcrumb\",\"itemListElement\":[{\"@type\":\"ListItem\",\"position\":1,\"name\":\"Home\",\"item\":\"https:\/\/cosmocars.gr\/de\/\"},{\"@type\":\"ListItem\",\"position\":2,\"name\":\"Stationen\"}]},{\"@type\":\"WebSite\",\"@id\":\"https:\/\/cosmocars.gr\/de\/#website\",\"url\":\"https:\/\/cosmocars.gr\/de\/\",\"name\":\"cosmocars.gr\",\"description\":\"easyrent - car rental in crete\",\"potentialAction\":[{\"@type\":\"SearchAction\",\"target\":{\"@type\":\"EntryPoint\",\"urlTemplate\":\"https:\/\/cosmocars.gr\/de\/?s={search_term_string}\"},\"query-input\":\"required name=search_term_string\"}],\"inLanguage\":\"en-US\"}]}<\/script>\n<!-- \/ Yoast SEO plugin. -->","yoast_head_json":{"title":"Mietwagen Kreta Heraklion Flughafen - Stationen | Easyrent","description":"Erschwingliche Mietwagen Kreta Heraklion Flughafen, Cania und Rethymno von Easyrent! Mietwagen f\u00fcr Hotels, H\u00e4fen, Flughafen-Transfers!","robots":{"index":"index","follow":"follow","max-snippet":"max-snippet:-1","max-image-preview":"max-image-preview:large","max-video-preview":"max-video-preview:-1"},"canonical":"https:\/\/cosmocars.gr\/de\/stationen\/","og_locale":"en_US","og_type":"article","og_title":"Mietwagen Kreta Heraklion Flughafen - Stationen | Easyrent","og_description":"Erschwingliche Mietwagen Kreta Heraklion Flughafen, Cania und Rethymno von Easyrent! Mietwagen f\u00fcr Hotels, H\u00e4fen, Flughafen-Transfers!","og_url":"https:\/\/cosmocars.gr\/de\/stationen\/","og_site_name":"cosmocars.gr","article_modified_time":"2023-04-01T09:19:17+00:00","og_image":[{"width":1000,"height":334,"url":"https:\/\/cosmocars.gr\/de\/wp-content\/uploads\/2014\/09\/crete-map.png","type":"image\/png"}],"twitter_card":"summary_large_image","twitter_misc":{"Est. reading time":"5 minutes"},"schema":{"@context":"https:\/\/schema.org","@graph":[{"@type":"WebPage","@id":"https:\/\/cosmocars.gr\/de\/stationen\/","url":"https:\/\/cosmocars.gr\/de\/stationen\/","name":"Mietwagen Kreta Heraklion Flughafen - Stationen | Easyrent","isPartOf":{"@id":"https:\/\/cosmocars.gr\/de\/#website"},"datePublished":"2014-09-11T17:51:21+00:00","dateModified":"2023-04-01T09:19:17+00:00","description":"Erschwingliche Mietwagen Kreta Heraklion Flughafen, Cania und Rethymno von Easyrent! Mietwagen f\u00fcr Hotels, H\u00e4fen, Flughafen-Transfers!","breadcrumb":{"@id":"https:\/\/cosmocars.gr\/de\/stationen\/#breadcrumb"},"inLanguage":"en-US","potentialAction":[{"@type":"ReadAction","target":["https:\/\/cosmocars.gr\/de\/stationen\/"]}]},{"@type":"BreadcrumbList","@id":"https:\/\/cosmocars.gr\/de\/stationen\/#breadcrumb","itemListElement":[{"@type":"ListItem","position":1,"name":"Home","item":"https:\/\/cosmocars.gr\/de\/"},{"@type":"ListItem","position":2,"name":"Stationen"}]},{"@type":"WebSite","@id":"https:\/\/cosmocars.gr\/de\/#website","url":"https:\/\/cosmocars.gr\/de\/","name":"cosmocars.gr","description":"easyrent - car rental in crete","potentialAction":[{"@type":"SearchAction","target":{"@type":"EntryPoint","urlTemplate":"https:\/\/cosmocars.gr\/de\/?s={search_term_string}"},"query-input":"required name=search_term_string"}],"inLanguage":"en-US"}]}},"_links":{"self":[{"href":"https:\/\/cosmocars.gr\/de\/wp-json\/wp\/v2\/pages\/10"}],"collection":[{"href":"https:\/\/cosmocars.gr\/de\/wp-json\/wp\/v2\/pages"}],"about":[{"href":"https:\/\/cosmocars.gr\/de\/wp-json\/wp\/v2\/types\/page"}],"author":[{"embeddable":true,"href":"https:\/\/cosmocars.gr\/de\/wp-json\/wp\/v2\/users\/1"}],"replies":[{"embeddable":true,"href":"https:\/\/cosmocars.gr\/de\/wp-json\/wp\/v2\/comments?post=10"}],"version-history":[{"count":21,"href":"https:\/\/cosmocars.gr\/de\/wp-json\/wp\/v2\/pages\/10\/revisions"}],"predecessor-version":[{"id":270,"href":"https:\/\/cosmocars.gr\/de\/wp-json\/wp\/v2\/pages\/10\/revisions\/270"}],"wp:featuredmedia":[{"embeddable":true,"href":"https:\/\/cosmocars.gr\/de\/wp-json\/wp\/v2\/media\/117"}],"wp:attachment":[{"href":"https:\/\/cosmocars.gr\/de\/wp-json\/wp\/v2\/media?parent=10"}],"curies":[{"name":"wp","href":"https:\/\/api.w.org\/{rel}","templated":true}]}}